{"id":107,"date":"2025-11-06T23:38:35","date_gmt":"2025-11-06T22:38:35","guid":{"rendered":"https:\/\/sem-fm.facmed.unam.mx\/?page_id=107"},"modified":"2025-12-04T18:00:25","modified_gmt":"2025-12-04T17:00:25","slug":"historia","status":"publish","type":"page","link":"https:\/\/sem-fm.facmed.unam.mx\/index.php\/historia\/","title":{"rendered":"Historia"},"content":{"rendered":"<p>[et_pb_section fb_built=\u00bb1&#8243; fullwidth=\u00bbon\u00bb _builder_version=\u00bb4.27.4&#8243; _module_preset=\u00bbdefault\u00bb global_colors_info=\u00bb{}\u00bb][et_pb_fullwidth_code _builder_version=\u00bb4.27.4&#8243; _module_preset=\u00bbdefault\u00bb custom_padding=\u00bb22px||0px|||\u00bb hover_enabled=\u00bb0&#8243; custom_css_free_form=\u00bb\/* Elimina el espacio que el tema agrega arriba del contenido *\/||.wp-site-blocks {||    padding-top: 0 !important;||}||||\/* Contenedor de redes *\/||.redes-top {||    display: flex;||    justify-content: flex-end;||    gap: 8px;||    margin-top: 0 !important;||    padding: 6px 12px;||}||||\/* Im\u00e1genes sin espacios extra *\/||.redes-top img {||    display: block;||    height: 40px;||    width: auto;||}||||header {||    margin-bottom: 0 !important;||}||||main {||    padding-top: 0 !important;||}||||.wp-block-group.alignfull,||.wp-block-cover.alignfull {||    margin-top: 0 !important;||}||||.redes-top {||    position: relative;||    top: -20px;   \/* ajusta este valor *\/||}||\u00bb global_colors_info=\u00bb{}\u00bb theme_builder_area=\u00bbpost_content\u00bb min_height=\u00bb110px\u00bb sticky_enabled=\u00bb0&#8243;]<\/p>\n<div class=\"redes-top\"><!-- [et_pb_line_break_holder] -->  <a href=\"https:\/\/www.facebook.com\/SEMFMUNAM\/?locale=es_LA\" target=\"_blank\"><!-- [et_pb_line_break_holder] -->    <img decoding=\"async\" src=\"https:\/\/sem.facmed.unam.mx\/img\/f.jpg\" alt=\"Facebook\"><!-- [et_pb_line_break_holder] -->  <\/a><!-- [et_pb_line_break_holder] -->  <a href=\"https:\/\/x.com\/SEMFacMed\" target=\"_blank\"><!-- [et_pb_line_break_holder] -->    <img decoding=\"async\" src=\"https:\/\/sem.facmed.unam.mx\/img\/x.jpg\" alt=\"X\"><!-- [et_pb_line_break_holder] -->  <\/a><!-- [et_pb_line_break_holder] -->  <a href=\"https:\/\/www.youtube.com\/@secretariadeeducacionmedic2758\" target=\"_blank\"><!-- [et_pb_line_break_holder] -->    <img decoding=\"async\" src=\"https:\/\/sem.facmed.unam.mx\/img\/you.jpg\" alt=\"YouTube\"><!-- [et_pb_line_break_holder] -->  <\/a><!-- [et_pb_line_break_holder] --><\/div>\n<p><!-- [et_pb_line_break_holder] -->[\/et_pb_fullwidth_code][et_pb_fullwidth_header title=\u00bbHistoria\u00bb _builder_version=\u00bb4.27.4&#8243; _module_preset=\u00bbdefault\u00bb background_color=\u00bb#FFFFFF\u00bb background_layout=\u00bblight\u00bb custom_padding=\u00bb0px||8px|||\u00bb hover_enabled=\u00bb0&#8243; text_shadow_style=\u00bbpreset2&#8243; global_colors_info=\u00bb{}\u00bb text_shadow_blur_strength=\u00bb1.01em\u00bb sticky_enabled=\u00bb0&#8243; min_height=\u00bb45px\u00bb custom_margin=\u00bb-56px|||||\u00bb][\/et_pb_fullwidth_header][\/et_pb_section][et_pb_section fb_built=\u00bb1&#8243; _builder_version=\u00bb4.27.4&#8243; _module_preset=\u00bbdefault\u00bb custom_padding=\u00bb17px||26px|||\u00bb global_colors_info=\u00bb{}\u00bb][et_pb_row column_structure=\u00bb1_2,1_2&#8243; _builder_version=\u00bb4.27.4&#8243; _module_preset=\u00bbdefault\u00bb custom_padding=\u00bb12px|||||\u00bb global_colors_info=\u00bb{}\u00bb custom_margin=\u00bb-9px|auto||auto||\u00bb][et_pb_column type=\u00bb1_2&#8243; _builder_version=\u00bb4.27.4&#8243; _module_preset=\u00bbdefault\u00bb global_colors_info=\u00bb{}\u00bb][et_pb_text _builder_version=\u00bb4.27.4&#8243; _module_preset=\u00bbdefault\u00bb custom_margin=\u00bb-29px|||||\u00bb custom_padding=\u00bb88px|||||\u00bb global_colors_info=\u00bb{}\u00bb]<\/p>\n<div align=\"justify\">En agosto de 1966, siendo director de la Facultad de Medicina el Dr. Carlos Campillo S\u00e1inz, se estableci\u00f3 la Secretar\u00eda Auxiliar del Personal Docente, integrada por tres secciones: de selecci\u00f3n de personal, formaci\u00f3n de profesores y pedagog\u00eda m\u00e9dica; una de sus primeras responsabilidades fue aplicar una metodolog\u00eda para la planeaci\u00f3n y evaluaci\u00f3n del proceso ense\u00f1anza \u2013 aprendizaje por medio de t\u00e9cnicas did\u00e1cticas eficaces que apoyaran el desempe\u00f1o docente. Su primer titular fue el Dr. Juan \u00c1lvarez Tostado.<\/div>\n<p>&nbsp;<\/p>\n<div align=\"justify\">Para 1968 se le denomina Secretar\u00eda Auxiliar de Educaci\u00f3n M\u00e9dica, posteriormente y hasta la fecha se le nombra Secretar\u00eda de Educaci\u00f3n M\u00e9dica.<\/div>\n<p>&nbsp;<\/p>\n<div align=\"justify\" style=\"text-align: justify;\">La Secretar\u00eda de Educaci\u00f3n M\u00e9dica tiene como prop\u00f3sito contribuir al cumplimiento de la misi\u00f3n, la visi\u00f3n y los objetivos de la Facultad de Medicina a trav\u00e9s de la planeaci\u00f3n y evaluaci\u00f3n de la educaci\u00f3n que en ella se imparte y el desarrollo de investigaci\u00f3n educativa, cuyos resultados permiten establecer programas de desarrollo acad\u00e9mico, dirigido tanto a alumnos como a profesores, y as\u00ed fortalecer la calidad de la educaci\u00f3n m\u00e9dica.<\/div>\n<p>[\/et_pb_text][\/et_pb_column][et_pb_column type=\u00bb1_2&#8243; _builder_version=\u00bb4.27.4&#8243; _module_preset=\u00bbdefault\u00bb global_colors_info=\u00bb{}\u00bb][et_pb_heading title=\u00bbTitulares de la Secretar\u00eda de Educaci\u00f3n M\u00e9dica\u00bb _builder_version=\u00bb4.27.4&#8243; _module_preset=\u00bbdefault\u00bb title_level=\u00bbh3&#8243; title_text_align=\u00bbleft\u00bb custom_margin=\u00bb||10px|||\u00bb custom_padding=\u00bb||4px|||\u00bb global_colors_info=\u00bb{}\u00bb][\/et_pb_heading][et_pb_text _builder_version=\u00bb4.27.4&#8243; _module_preset=\u00bbdefault\u00bb custom_margin=\u00bb-11px|||||\u00bb custom_padding=\u00bb2px|||||\u00bb global_colors_info=\u00bb{}\u00bb]<\/p>\n<p><center><\/center><\/p>\n<table width=\"390\" border=\"0\">\n<tbody>\n<tr>\n<td style=\"width: 136.75px; text-align: justify;\">1966 \u2013 1969<\/td>\n<td style=\"width: 237.25px;\">Dr. Juan \u00c1lvarez Tostado<\/td>\n<\/tr>\n<tr>\n<td style=\"width: 136.75px;\">1969 \u2013 1970<\/td>\n<td style=\"width: 237.25px;\">Dr. Eleuterio Gonz\u00e1lez Carvajal<\/td>\n<\/tr>\n<tr>\n<td style=\"width: 136.75px;\">1971 \u2013 1975<\/td>\n<td style=\"width: 237.25px;\">Dr. Jos\u00e9 Manuel \u00c1lvarez Manilla<\/td>\n<\/tr>\n<tr>\n<td style=\"width: 136.75px;\">1975 \u2013 1977<\/td>\n<td style=\"width: 237.25px;\">Dr. Jos\u00e9 Luis Mart\u00edn Abreu<\/td>\n<\/tr>\n<tr>\n<td style=\"width: 136.75px;\">1977 \u2013 1983<\/td>\n<td style=\"width: 237.25px;\">Dr. Roberto Uribe El\u00edas<\/td>\n<\/tr>\n<tr>\n<td style=\"width: 136.75px;\">1983 \u2013 1985<\/td>\n<td style=\"width: 237.25px;\">Dra. Mar\u00eda Elisa Celis Barrag\u00e1n<\/td>\n<\/tr>\n<tr>\n<td style=\"width: 136.75px;\">1985 \u2013 1986<\/td>\n<td style=\"width: 237.25px;\">Dr. Jos\u00e9 Athi\u00e9 y Guti\u00e9rrez<\/td>\n<\/tr>\n<tr>\n<td style=\"width: 136.75px;\">1986 \u2013 1987<\/td>\n<td style=\"width: 237.25px;\">Dr. Jes\u00fas Tapia Jurado<\/td>\n<\/tr>\n<tr>\n<td style=\"width: 136.75px;\">1987<\/td>\n<td style=\"width: 237.25px;\">Dr. Agust\u00edn Hern\u00e1ndez Morales<\/td>\n<\/tr>\n<tr>\n<td style=\"width: 136.75px;\">1987 \u2013 1991<\/td>\n<td style=\"width: 237.25px;\">Dra. Margarita Cabrera Bravo<\/td>\n<\/tr>\n<tr>\n<td style=\"width: 136.75px;\">1991 \u2013 1993<\/td>\n<td style=\"width: 237.25px;\">Dr. Lu\u00eds Felipe Abreu Hern\u00e1ndez<\/td>\n<\/tr>\n<tr>\n<td style=\"width: 136.75px;\">1993 \u2013 1995<\/td>\n<td style=\"width: 237.25px;\">Dr. Roberto Uribe El\u00edas<\/td>\n<\/tr>\n<tr>\n<td style=\"width: 136.75px;\">1995 \u2013 2003<\/td>\n<td style=\"width: 237.25px;\">Dra. Mar\u00eda Eugenia Ponce de Le\u00f3n<\/td>\n<\/tr>\n<tr>\n<td style=\"width: 136.75px;\">2003 \u2013 2004<\/td>\n<td style=\"width: 237.25px;\">Dr. Javier Rodr\u00edguez Su\u00e1rez<\/td>\n<\/tr>\n<tr>\n<td style=\"width: 136.75px;\">2004 \u2013 2008<\/td>\n<td style=\"width: 237.25px;\">Dr. Juan Jos\u00e9 Maz\u00f3n Ram\u00edrez<\/td>\n<\/tr>\n<tr>\n<td style=\"width: 136.75px;\">2008 \u2013 2016<\/td>\n<td style=\"width: 237.25px;\">Dr. Melchor S\u00e1nchez Mendiola<\/td>\n<\/tr>\n<tr>\n<td style=\"width: 136.75px;\">2016 \u2013 2020<\/td>\n<td style=\"width: 237.25px;\">Dra. Liz Hamui Sutton<\/td>\n<\/tr>\n<tr>\n<td style=\"width: 136.75px;\"><strong>2020 \u2013 A la fecha<\/strong><\/td>\n<td style=\"width: 237.25px;\"><strong>Dr. Armando Ortiz Montalvo<\/strong><\/td>\n<\/tr>\n<\/tbody>\n<\/table>\n<p>&nbsp;<\/p>\n<p>[\/et_pb_text][\/et_pb_column][\/et_pb_row][\/et_pb_section][et_pb_section fb_built=\u00bb1&#8243; fullwidth=\u00bbon\u00bb _builder_version=\u00bb4.27.4&#8243; _module_preset=\u00bbdefault\u00bb global_colors_info=\u00bb{}\u00bb][et_pb_fullwidth_header _builder_version=\u00bb4.27.4&#8243; _module_preset=\u00bbdefault\u00bb background_color=\u00bb#353535&#8243; custom_padding=\u00bb22px||22px|||\u00bb global_colors_info=\u00bb{}\u00bb]<\/p>\n<p style=\"text-align: center;\">FACULTAD DE MEDICINA \u2022 CIRCUITO INTERIOR \u2022 CIUDAD UNIVERSITARIA \u2022 AV. UNIVERSIDAD 3000 \u2022 CP 04510<\/p>\n<p style=\"text-align: center;\">AVISO DE PRIVACIDAD<\/p>\n<p style=\"text-align: center;\"><a href=\"http:\/\/www.facmed.unam.mx\/eventos\/privacidad\/AVISOINTEGRAL.pdf\" target=\"_blank\" rel=\"noopener\">[INTEGRAL]<\/a>\u00a0|\u00a0<a href=\"http:\/\/www.facmed.unam.mx\/eventos\/privacidad\/AVISOSIMPLIFICADO.pdf\" target=\"_blank\" rel=\"noopener\">[SIMPLIFICADO]<\/a><\/p>\n<p>[\/et_pb_fullwidth_header][\/et_pb_section]<\/p>\n","protected":false},"excerpt":{"rendered":"<p>En agosto de 1966, siendo director de la Facultad de Medicina el Dr. Carlos Campillo S\u00e1inz, se estableci\u00f3 la Secretar\u00eda Auxiliar del Personal Docente, integrada por tres secciones: de selecci\u00f3n de personal, formaci\u00f3n de profesores y pedagog\u00eda m\u00e9dica; una de sus primeras responsabilidades fue aplicar una metodolog\u00eda para la planeaci\u00f3n y evaluaci\u00f3n del proceso ense\u00f1anza [&hellip;]<\/p>\n","protected":false},"author":1,"featured_media":0,"parent":0,"menu_order":0,"comment_status":"closed","ping_status":"closed","template":"","meta":{"_et_pb_use_builder":"on","_et_pb_old_content":"","_et_gb_content_width":"","footnotes":""},"class_list":["post-107","page","type-page","status-publish","hentry"],"_links":{"self":[{"href":"https:\/\/sem-fm.facmed.unam.mx\/index.php\/wp-json\/wp\/v2\/pages\/107","targetHints":{"allow":["GET"]}}],"collection":[{"href":"https:\/\/sem-fm.facmed.unam.mx\/index.php\/wp-json\/wp\/v2\/pages"}],"about":[{"href":"https:\/\/sem-fm.facmed.unam.mx\/index.php\/wp-json\/wp\/v2\/types\/page"}],"author":[{"embeddable":true,"href":"https:\/\/sem-fm.facmed.unam.mx\/index.php\/wp-json\/wp\/v2\/users\/1"}],"replies":[{"embeddable":true,"href":"https:\/\/sem-fm.facmed.unam.mx\/index.php\/wp-json\/wp\/v2\/comments?post=107"}],"version-history":[{"count":11,"href":"https:\/\/sem-fm.facmed.unam.mx\/index.php\/wp-json\/wp\/v2\/pages\/107\/revisions"}],"predecessor-version":[{"id":225,"href":"https:\/\/sem-fm.facmed.unam.mx\/index.php\/wp-json\/wp\/v2\/pages\/107\/revisions\/225"}],"wp:attachment":[{"href":"https:\/\/sem-fm.facmed.unam.mx\/index.php\/wp-json\/wp\/v2\/media?parent=107"}],"curies":[{"name":"wp","href":"https:\/\/api.w.org\/{rel}","templated":true}]}}