{"id":141,"date":"2025-11-13T19:11:09","date_gmt":"2025-11-13T18:11:09","guid":{"rendered":"https:\/\/sem-fm.facmed.unam.mx\/?page_id=141"},"modified":"2025-12-04T17:50:58","modified_gmt":"2025-12-04T16:50:58","slug":"mision-y-vision","status":"publish","type":"page","link":"https:\/\/sem-fm.facmed.unam.mx\/index.php\/mision-y-vision\/","title":{"rendered":"Misi\u00f3n y Visi\u00f3n"},"content":{"rendered":"<p>[et_pb_section fb_built=\u00bb1&#8243; fullwidth=\u00bbon\u00bb theme_builder_area=\u00bbpost_content\u00bb _builder_version=\u00bb4.27.4&#8243; _module_preset=\u00bbdefault\u00bb][et_pb_fullwidth_code _builder_version=\u00bb4.27.4&#8243; _module_preset=\u00bbdefault\u00bb custom_padding=\u00bb22px||29px|||\u00bb custom_css_free_form=\u00bb\/* Elimina el espacio que el tema agrega arriba del contenido *\/||.wp-site-blocks {||    padding-top: 0 !important;||}||||\/* Contenedor de redes *\/||.redes-top {||    display: flex;||    justify-content: flex-end;||    gap: 8px;||    margin-top: 0 !important;||    padding: 6px 12px;||}||||\/* Im\u00e1genes sin espacios extra *\/||.redes-top img {||    display: block;||    height: 40px;||    width: auto;||}||||header {||    margin-bottom: 0 !important;||}||||main {||    padding-top: 0 !important;||}||||.wp-block-group.alignfull,||.wp-block-cover.alignfull {||    margin-top: 0 !important;||}||||.redes-top {||    position: relative;||    top: -20px;   \/* ajusta este valor *\/||}||\u00bb global_colors_info=\u00bb{}\u00bb theme_builder_area=\u00bbpost_content\u00bb]<\/p>\n<div class=\"redes-top\"><!-- [et_pb_line_break_holder] -->  <a href=\"https:\/\/www.facebook.com\/SEMFMUNAM\/?locale=es_LA\" target=\"_blank\"><!-- [et_pb_line_break_holder] -->    <img decoding=\"async\" src=\"https:\/\/sem.facmed.unam.mx\/img\/f.jpg\" alt=\"Facebook\"><!-- [et_pb_line_break_holder] -->  <\/a><!-- [et_pb_line_break_holder] -->  <a href=\"https:\/\/x.com\/SEMFacMed\" target=\"_blank\"><!-- [et_pb_line_break_holder] -->    <img decoding=\"async\" src=\"https:\/\/sem.facmed.unam.mx\/img\/x.jpg\" alt=\"X\"><!-- [et_pb_line_break_holder] -->  <\/a><!-- [et_pb_line_break_holder] -->  <a href=\"https:\/\/www.youtube.com\/@secretariadeeducacionmedic2758\" target=\"_blank\"><!-- [et_pb_line_break_holder] -->    <img decoding=\"async\" src=\"https:\/\/sem.facmed.unam.mx\/img\/you.jpg\" alt=\"YouTube\"><!-- [et_pb_line_break_holder] -->  <\/a><!-- [et_pb_line_break_holder] --><\/div>\n<p><!-- [et_pb_line_break_holder] -->[\/et_pb_fullwidth_code][et_pb_fullwidth_header title=\u00bbMisi\u00f3n y Visi\u00f3n\u00bb _builder_version=\u00bb4.27.4&#8243; _module_preset=\u00bbdefault\u00bb background_color=\u00bb#FFFFFF\u00bb background_layout=\u00bblight\u00bb custom_padding=\u00bb0px||10px|||\u00bb hover_enabled=\u00bb0&#8243; text_shadow_style=\u00bbpreset2&#8243; global_colors_info=\u00bb{}\u00bb text_shadow_blur_strength=\u00bb1em\u00bb sticky_enabled=\u00bb0&#8243; theme_builder_area=\u00bbpost_content\u00bb custom_margin=\u00bb-46px|||||\u00bb][\/et_pb_fullwidth_header][\/et_pb_section][et_pb_section fb_built=\u00bb1&#8243; _builder_version=\u00bb4.27.4&#8243; _module_preset=\u00bbdefault\u00bb hover_enabled=\u00bb0&#8243; global_colors_info=\u00bb{}\u00bb sticky_enabled=\u00bb0&#8243; custom_padding=\u00bb16px|||||\u00bb][et_pb_row column_structure=\u00bb1_4,3_4&#8243; _builder_version=\u00bb4.27.4&#8243; _module_preset=\u00bbdefault\u00bb global_colors_info=\u00bb{}\u00bb][et_pb_column type=\u00bb1_4&#8243; _builder_version=\u00bb4.27.4&#8243; _module_preset=\u00bbdefault\u00bb global_colors_info=\u00bb{}\u00bb][et_pb_text _builder_version=\u00bb4.27.4&#8243; _module_preset=\u00bbdefault\u00bb global_colors_info=\u00bb{}\u00bb]<\/p>\n<h3><strong>Misi\u00f3n Facultad de Medicina<\/strong><\/h3>\n<p>[\/et_pb_text][\/et_pb_column][et_pb_column type=\u00bb3_4&#8243; _builder_version=\u00bb4.27.4&#8243; _module_preset=\u00bbdefault\u00bb global_colors_info=\u00bb{}\u00bb][et_pb_text _builder_version=\u00bb4.27.4&#8243; _module_preset=\u00bbdefault\u00bb global_colors_info=\u00bb{}\u00bb]<\/p>\n<p style=\"text-align: justify;\">La licenciatura de M\u00e9dico Cirujano de la Facultad de Medicina de la Universidad Nacional Aut\u00f3noma de M\u00e9xico, forma m\u00e9dicos generales \u00e9ticos, cr\u00edticos y humanistas que responden a las necesidades en salud, con innovaci\u00f3n y excelencia educativa, capaces de desarrollarse en la investigaci\u00f3n cient\u00edfica en beneficio del ser humano y de la naci\u00f3n.<\/p>\n<p>[\/et_pb_text][\/et_pb_column][\/et_pb_row][et_pb_row column_structure=\u00bb1_4,3_4&#8243; _builder_version=\u00bb4.27.4&#8243; _module_preset=\u00bbdefault\u00bb global_colors_info=\u00bb{}\u00bb][et_pb_column type=\u00bb1_4&#8243; _builder_version=\u00bb4.27.4&#8243; _module_preset=\u00bbdefault\u00bb global_colors_info=\u00bb{}\u00bb][et_pb_text _builder_version=\u00bb4.27.4&#8243; _module_preset=\u00bbdefault\u00bb global_colors_info=\u00bb{}\u00bb]<\/p>\n<h3><strong>Visi\u00f3n Facultad de Medicina<\/strong><\/h3>\n<p>[\/et_pb_text][\/et_pb_column][et_pb_column type=\u00bb3_4&#8243; _builder_version=\u00bb4.27.4&#8243; _module_preset=\u00bbdefault\u00bb global_colors_info=\u00bb{}\u00bb][et_pb_text _builder_version=\u00bb4.27.4&#8243; _module_preset=\u00bbdefault\u00bb global_colors_info=\u00bb{}\u00bb]<\/p>\n<p style=\"text-align: justify;\">Mantener a la vanguardia la formaci\u00f3n de m\u00e9dicos cirujanos l\u00edderes, competentes en el ejercicio profesional en beneficio de la naci\u00f3n y de la humanidad.<\/p>\n<p>[\/et_pb_text][\/et_pb_column][\/et_pb_row][et_pb_row column_structure=\u00bb3_4,1_4&#8243; _builder_version=\u00bb4.27.4&#8243; _module_preset=\u00bbdefault\u00bb global_colors_info=\u00bb{}\u00bb][et_pb_column type=\u00bb3_4&#8243; _builder_version=\u00bb4.27.4&#8243; _module_preset=\u00bbdefault\u00bb global_colors_info=\u00bb{}\u00bb][et_pb_text _builder_version=\u00bb4.27.4&#8243; _module_preset=\u00bbdefault\u00bb global_colors_info=\u00bb{}\u00bb]<\/p>\n<p style=\"text-align: justify;\">Planear, asesorar, evaluar y certificar los aspectos acad\u00e9micos de la UNAM, para contribuir a la educaci\u00f3n efectiva de alumnos de pre y posgrado en medicina y las especialidades m\u00e9dicas.<\/p>\n<p style=\"text-align: justify;\">Sus funciones sustantivas son: investigaci\u00f3n en educaci\u00f3n m\u00e9dica, desarrollo acad\u00e9mico y formaci\u00f3n docente de los profesores, evaluaci\u00f3n del proceso educativo (institucional, planes y programas, profesores y alumnos), y provisi\u00f3n de servicios educativos (desarrollo curricular, m\u00e9todos de ense\u00f1anza y aprendizaje, evaluaci\u00f3n). Dichas funciones en un marco de desarrollo profesional contin\u00fao de competencias educativas y profesionalismo, bas\u00e1ndose en la mejor evidencia cient\u00edfica educativa disponible, y con un uso eficiente de las tecnolog\u00edas de comunicaciones e inform\u00e1tica.<\/p>\n<p>[\/et_pb_text][\/et_pb_column][et_pb_column type=\u00bb1_4&#8243; _builder_version=\u00bb4.27.4&#8243; _module_preset=\u00bbdefault\u00bb global_colors_info=\u00bb{}\u00bb][et_pb_text _builder_version=\u00bb4.27.4&#8243; _module_preset=\u00bbdefault\u00bb global_colors_info=\u00bb{}\u00bb]<\/p>\n<h3><strong>Misi\u00f3n Secretar\u00eda de Educaci\u00f3n M\u00e9dica<\/strong><\/h3>\n<p>[\/et_pb_text][\/et_pb_column][\/et_pb_row][et_pb_row column_structure=\u00bb3_4,1_4&#8243; _builder_version=\u00bb4.27.4&#8243; _module_preset=\u00bbdefault\u00bb global_colors_info=\u00bb{}\u00bb][et_pb_column type=\u00bb3_4&#8243; _builder_version=\u00bb4.27.4&#8243; _module_preset=\u00bbdefault\u00bb global_colors_info=\u00bb{}\u00bb][et_pb_text _builder_version=\u00bb4.27.4&#8243; _module_preset=\u00bbdefault\u00bb global_colors_info=\u00bb{}\u00bb]<\/p>\n<p style=\"text-align: justify;\">Ser la instancia acad\u00e9mica l\u00edder en educaci\u00f3n m\u00e9dica en la Facultad de Medicina de la UNAM, modelo de excelencia en educaci\u00f3n m\u00e9dica en M\u00e9xico y Latinoam\u00e9rica.<\/p>\n<p style=\"text-align: justify;\">Participar de manera relevante a nivel global en proyectos acad\u00e9micos de educaci\u00f3n m\u00e9dica, que contribuyan a incrementar el conocimiento de esta disciplina.<\/p>\n<p>[\/et_pb_text][\/et_pb_column][et_pb_column type=\u00bb1_4&#8243; _builder_version=\u00bb4.27.4&#8243; _module_preset=\u00bbdefault\u00bb global_colors_info=\u00bb{}\u00bb][et_pb_text _builder_version=\u00bb4.27.4&#8243; _module_preset=\u00bbdefault\u00bb global_colors_info=\u00bb{}\u00bb]<\/p>\n<h3><strong>Visi\u00f3n Secretar\u00eda de Educaci\u00f3n M\u00e9dica<\/strong><\/h3>\n<p>[\/et_pb_text][\/et_pb_column][\/et_pb_row][\/et_pb_section][et_pb_section fb_built=\u00bb1&#8243; fullwidth=\u00bbon\u00bb _builder_version=\u00bb4.27.4&#8243; _module_preset=\u00bbdefault\u00bb global_colors_info=\u00bb{}\u00bb][et_pb_fullwidth_header _builder_version=\u00bb4.27.4&#8243; _module_preset=\u00bbdefault\u00bb background_color=\u00bb#353535&#8243; custom_padding=\u00bb22px||22px|||\u00bb global_colors_info=\u00bb{}\u00bb]<\/p>\n<p style=\"text-align: center;\">FACULTAD DE MEDICINA \u2022 CIRCUITO INTERIOR \u2022 CIUDAD UNIVERSITARIA \u2022 AV. UNIVERSIDAD 3000 \u2022 CP 04510<\/p>\n<p style=\"text-align: center;\">AVISO DE PRIVACIDAD<\/p>\n<p style=\"text-align: center;\"><a href=\"http:\/\/www.facmed.unam.mx\/eventos\/privacidad\/AVISOINTEGRAL.pdf\" target=\"_blank\" rel=\"noopener\">[INTEGRAL]<\/a>\u00a0|\u00a0<a href=\"http:\/\/www.facmed.unam.mx\/eventos\/privacidad\/AVISOSIMPLIFICADO.pdf\" target=\"_blank\" rel=\"noopener\">[SIMPLIFICADO]<\/a><\/p>\n<p>[\/et_pb_fullwidth_header][\/et_pb_section]<\/p>\n","protected":false},"excerpt":{"rendered":"<p>Misi\u00f3n Facultad de MedicinaLa licenciatura de M\u00e9dico Cirujano de la Facultad de Medicina de la Universidad Nacional Aut\u00f3noma de M\u00e9xico, forma m\u00e9dicos generales \u00e9ticos, cr\u00edticos y humanistas que responden a las necesidades en salud, con innovaci\u00f3n y excelencia educativa, capaces de desarrollarse en la investigaci\u00f3n cient\u00edfica en beneficio del ser humano y de la naci\u00f3n.Visi\u00f3n [&hellip;]<\/p>\n","protected":false},"author":1,"featured_media":0,"parent":0,"menu_order":0,"comment_status":"closed","ping_status":"closed","template":"","meta":{"_et_pb_use_builder":"on","_et_pb_old_content":"","_et_gb_content_width":"","footnotes":""},"class_list":["post-141","page","type-page","status-publish","hentry"],"_links":{"self":[{"href":"https:\/\/sem-fm.facmed.unam.mx\/index.php\/wp-json\/wp\/v2\/pages\/141","targetHints":{"allow":["GET"]}}],"collection":[{"href":"https:\/\/sem-fm.facmed.unam.mx\/index.php\/wp-json\/wp\/v2\/pages"}],"about":[{"href":"https:\/\/sem-fm.facmed.unam.mx\/index.php\/wp-json\/wp\/v2\/types\/page"}],"author":[{"embeddable":true,"href":"https:\/\/sem-fm.facmed.unam.mx\/index.php\/wp-json\/wp\/v2\/users\/1"}],"replies":[{"embeddable":true,"href":"https:\/\/sem-fm.facmed.unam.mx\/index.php\/wp-json\/wp\/v2\/comments?post=141"}],"version-history":[{"count":7,"href":"https:\/\/sem-fm.facmed.unam.mx\/index.php\/wp-json\/wp\/v2\/pages\/141\/revisions"}],"predecessor-version":[{"id":220,"href":"https:\/\/sem-fm.facmed.unam.mx\/index.php\/wp-json\/wp\/v2\/pages\/141\/revisions\/220"}],"wp:attachment":[{"href":"https:\/\/sem-fm.facmed.unam.mx\/index.php\/wp-json\/wp\/v2\/media?parent=141"}],"curies":[{"name":"wp","href":"https:\/\/api.w.org\/{rel}","templated":true}]}}