{"id":196,"date":"2025-12-03T17:48:42","date_gmt":"2025-12-03T16:48:42","guid":{"rendered":"https:\/\/sem-fm.facmed.unam.mx\/?page_id=196"},"modified":"2025-12-04T19:37:51","modified_gmt":"2025-12-04T18:37:51","slug":"calendario","status":"publish","type":"page","link":"https:\/\/sem-fm.facmed.unam.mx\/index.php\/calendario\/","title":{"rendered":"Contacto"},"content":{"rendered":"<p>[et_pb_section fb_built=\u00bb1&#8243; fullwidth=\u00bbon\u00bb _builder_version=\u00bb4.27.4&#8243; _module_preset=\u00bbdefault\u00bb global_colors_info=\u00bb{}\u00bb][et_pb_fullwidth_code _builder_version=\u00bb4.27.4&#8243; _module_preset=\u00bbdefault\u00bb custom_padding=\u00bb22px||30px|||\u00bb custom_css_free_form=\u00bb\/* Elimina el espacio que el tema agrega arriba del contenido *\/||.wp-site-blocks {||    padding-top: 0 !important;||}||||\/* Contenedor de redes *\/||.redes-top {||    display: flex;||    justify-content: flex-end;||    gap: 8px;||    margin-top: 0 !important;||    padding: 6px 12px;||}||||\/* Im\u00e1genes sin espacios extra *\/||.redes-top img {||    display: block;||    height: 40px;||    width: auto;||}||||header {||    margin-bottom: 0 !important;||}||||main {||    padding-top: 0 !important;||}||||.wp-block-group.alignfull,||.wp-block-cover.alignfull {||    margin-top: 0 !important;||}||||.redes-top {||    position: relative;||    top: -20px;   \/* ajusta este valor *\/||}||\u00bb global_colors_info=\u00bb{}\u00bb theme_builder_area=\u00bbpost_content\u00bb]<\/p>\n<div class=\"redes-top\"><!-- [et_pb_line_break_holder] -->  <a href=\"https:\/\/www.facebook.com\/SEMFMUNAM\/?locale=es_LA\" target=\"_blank\"><!-- [et_pb_line_break_holder] -->    <img decoding=\"async\" src=\"https:\/\/sem.facmed.unam.mx\/img\/f.jpg\" alt=\"Facebook\"><!-- [et_pb_line_break_holder] -->  <\/a><!-- [et_pb_line_break_holder] -->  <a href=\"https:\/\/x.com\/SEMFacMed\" target=\"_blank\"><!-- [et_pb_line_break_holder] -->    <img decoding=\"async\" src=\"https:\/\/sem.facmed.unam.mx\/img\/x.jpg\" alt=\"X\"><!-- [et_pb_line_break_holder] -->  <\/a><!-- [et_pb_line_break_holder] -->  <a href=\"https:\/\/www.youtube.com\/@secretariadeeducacionmedic2758\" target=\"_blank\"><!-- [et_pb_line_break_holder] -->    <img decoding=\"async\" src=\"https:\/\/sem.facmed.unam.mx\/img\/you.jpg\" alt=\"YouTube\"><!-- [et_pb_line_break_holder] -->  <\/a><!-- [et_pb_line_break_holder] --><\/div>\n<p><!-- [et_pb_line_break_holder] -->[\/et_pb_fullwidth_code][et_pb_fullwidth_header title=\u00bbContacto\u00bb _builder_version=\u00bb4.27.4&#8243; _module_preset=\u00bbdefault\u00bb title_text_color=\u00bb#2d2d2d\u00bb background_color=\u00bbRGBA(255,255,255,0)\u00bb custom_padding=\u00bb1px||11px|||\u00bb hover_enabled=\u00bb0&#8243; text_shadow_style=\u00bbpreset2&#8243; global_colors_info=\u00bb{}\u00bb custom_margin=\u00bb-36px|||||\u00bb text_shadow_blur_strength=\u00bb1em\u00bb sticky_enabled=\u00bb0&#8243;][\/et_pb_fullwidth_header][\/et_pb_section][et_pb_section fb_built=\u00bb1&#8243; _builder_version=\u00bb4.27.4&#8243; _module_preset=\u00bbdefault\u00bb custom_padding=\u00bb18px|||||\u00bb global_colors_info=\u00bb{}\u00bb][et_pb_row _builder_version=\u00bb4.27.4&#8243; _module_preset=\u00bbdefault\u00bb global_colors_info=\u00bb{}\u00bb custom_padding=\u00bb13px|||||\u00bb][et_pb_column type=\u00bb4_4&#8243; _builder_version=\u00bb4.27.4&#8243; _module_preset=\u00bbdefault\u00bb global_colors_info=\u00bb{}\u00bb][et_pb_text _builder_version=\u00bb4.27.4&#8243; _module_preset=\u00bbdefault\u00bb global_colors_info=\u00bb{}\u00bb]<\/p>\n<p>Facultad de Medicina, edificio B, tercer piso.<\/p>\n<p>Secretar\u00eda de Educaci\u00f3n M\u00e9dica.<\/p>\n<p>Tel\u00e9fono: 55-56-23-24-49 y 55-56-23-24-48<\/p>\n<p>[\/et_pb_text][\/et_pb_column][\/et_pb_row][\/et_pb_section][et_pb_section fb_built=\u00bb1&#8243; fullwidth=\u00bbon\u00bb _builder_version=\u00bb4.27.4&#8243; _module_preset=\u00bbdefault\u00bb global_colors_info=\u00bb{}\u00bb][et_pb_fullwidth_header _builder_version=\u00bb4.27.4&#8243; _module_preset=\u00bbdefault\u00bb background_color=\u00bb#353535&#8243; custom_margin=\u00bb||-4px|||\u00bb custom_padding=\u00bb22px||22px|||\u00bb global_colors_info=\u00bb{}\u00bb]<\/p>\n<p style=\"text-align: center;\">FACULTAD DE MEDICINA \u2022 CIRCUITO INTERIOR \u2022 CIUDAD UNIVERSITARIA \u2022 AV. UNIVERSIDAD 3000 \u2022 CP 04510<\/p>\n<p style=\"text-align: center;\">AVISO DE PRIVACIDAD<\/p>\n<p style=\"text-align: center;\"><a href=\"http:\/\/www.facmed.unam.mx\/eventos\/privacidad\/AVISOINTEGRAL.pdf\" target=\"_blank\" rel=\"noopener\">[INTEGRAL]<\/a>\u00a0|\u00a0<a href=\"http:\/\/www.facmed.unam.mx\/eventos\/privacidad\/AVISOSIMPLIFICADO.pdf\" target=\"_blank\" rel=\"noopener\">[SIMPLIFICADO]<\/a><\/p>\n<p>[\/et_pb_fullwidth_header][\/et_pb_section]<\/p>\n","protected":false},"excerpt":{"rendered":"<p>Facultad de Medicina, edificio B, tercer piso. Secretar\u00eda de Educaci\u00f3n M\u00e9dica. Tel\u00e9fono: 55-56-23-24-49 y 55-56-23-24-48FACULTAD DE MEDICINA \u2022 CIRCUITO INTERIOR \u2022 CIUDAD UNIVERSITARIA \u2022 AV. UNIVERSIDAD 3000 \u2022 CP 04510 AVISO DE PRIVACIDAD [INTEGRAL]\u00a0|\u00a0[SIMPLIFICADO]<\/p>\n","protected":false},"author":1,"featured_media":0,"parent":0,"menu_order":0,"comment_status":"closed","ping_status":"closed","template":"","meta":{"_et_pb_use_builder":"on","_et_pb_old_content":"","_et_gb_content_width":"","footnotes":""},"class_list":["post-196","page","type-page","status-publish","hentry"],"_links":{"self":[{"href":"https:\/\/sem-fm.facmed.unam.mx\/index.php\/wp-json\/wp\/v2\/pages\/196","targetHints":{"allow":["GET"]}}],"collection":[{"href":"https:\/\/sem-fm.facmed.unam.mx\/index.php\/wp-json\/wp\/v2\/pages"}],"about":[{"href":"https:\/\/sem-fm.facmed.unam.mx\/index.php\/wp-json\/wp\/v2\/types\/page"}],"author":[{"embeddable":true,"href":"https:\/\/sem-fm.facmed.unam.mx\/index.php\/wp-json\/wp\/v2\/users\/1"}],"replies":[{"embeddable":true,"href":"https:\/\/sem-fm.facmed.unam.mx\/index.php\/wp-json\/wp\/v2\/comments?post=196"}],"version-history":[{"count":8,"href":"https:\/\/sem-fm.facmed.unam.mx\/index.php\/wp-json\/wp\/v2\/pages\/196\/revisions"}],"predecessor-version":[{"id":236,"href":"https:\/\/sem-fm.facmed.unam.mx\/index.php\/wp-json\/wp\/v2\/pages\/196\/revisions\/236"}],"wp:attachment":[{"href":"https:\/\/sem-fm.facmed.unam.mx\/index.php\/wp-json\/wp\/v2\/media?parent=196"}],"curies":[{"name":"wp","href":"https:\/\/api.w.org\/{rel}","templated":true}]}}