{"id":237,"date":"2025-12-05T00:57:27","date_gmt":"2025-12-04T23:57:27","guid":{"rendered":"https:\/\/sem-fm.facmed.unam.mx\/?page_id=237"},"modified":"2025-12-05T00:58:53","modified_gmt":"2025-12-04T23:58:53","slug":"directorio","status":"publish","type":"page","link":"https:\/\/sem-fm.facmed.unam.mx\/index.php\/directorio\/","title":{"rendered":"Directorio"},"content":{"rendered":"<p>[et_pb_section fb_built=\u00bb1&#8243; fullwidth=\u00bbon\u00bb _builder_version=\u00bb4.27.4&#8243; _module_preset=\u00bbdefault\u00bb global_colors_info=\u00bb{}\u00bb][et_pb_fullwidth_code _builder_version=\u00bb4.27.4&#8243; _module_preset=\u00bbdefault\u00bb custom_padding=\u00bb22px||35px|||\u00bb custom_css_free_form=\u00bb\/* Elimina el espacio que el tema agrega arriba del contenido *\/||.wp-site-blocks {||    padding-top: 0 !important;||}||||\/* Contenedor de redes *\/||.redes-top {||    display: flex;||    justify-content: flex-end;||    gap: 8px;||    margin-top: 0 !important;||    padding: 6px 12px;||}||||\/* Im\u00e1genes sin espacios extra *\/||.redes-top img {||    display: block;||    height: 40px;||    width: auto;||}||||header {||    margin-bottom: 0 !important;||}||||main {||    padding-top: 0 !important;||}||||.wp-block-group.alignfull,||.wp-block-cover.alignfull {||    margin-top: 0 !important;||}||||.redes-top {||    position: relative;||    top: -20px;   \/* ajusta este valor *\/||}||\u00bb global_colors_info=\u00bb{}\u00bb]<\/p>\n<div class=\"redes-top\"><!-- [et_pb_line_break_holder] -->  <a href=\"https:\/\/www.facebook.com\/SEMFMUNAM\/?locale=es_LA\" target=\"_blank\"><!-- [et_pb_line_break_holder] -->    <img decoding=\"async\" src=\"https:\/\/sem.facmed.unam.mx\/img\/f.jpg\" alt=\"Facebook\"><!-- [et_pb_line_break_holder] -->  <\/a><!-- [et_pb_line_break_holder] -->  <a href=\"https:\/\/x.com\/SEMFacMed\" target=\"_blank\"><!-- [et_pb_line_break_holder] -->    <img decoding=\"async\" src=\"https:\/\/sem.facmed.unam.mx\/img\/x.jpg\" alt=\"X\"><!-- [et_pb_line_break_holder] -->  <\/a><!-- [et_pb_line_break_holder] -->  <a href=\"https:\/\/www.youtube.com\/@secretariadeeducacionmedic2758\" target=\"_blank\"><!-- [et_pb_line_break_holder] -->    <img decoding=\"async\" src=\"https:\/\/sem.facmed.unam.mx\/img\/you.jpg\" alt=\"YouTube\"><!-- [et_pb_line_break_holder] -->  <\/a><!-- [et_pb_line_break_holder] --><\/div>\n<p><!-- [et_pb_line_break_holder] -->[\/et_pb_fullwidth_code][et_pb_fullwidth_header title=\u00bbDirectorio\u00bb _builder_version=\u00bb4.27.4&#8243; _module_preset=\u00bbdefault\u00bb background_color=\u00bbRGBA(255,255,255,0)\u00bb background_layout=\u00bblight\u00bb text_shadow_style=\u00bbpreset2&#8243; text_shadow_blur_strength=\u00bb1em\u00bb hover_enabled=\u00bb0&#8243; sticky_enabled=\u00bb0&#8243; custom_padding=\u00bb0px||0px|||\u00bb min_height=\u00bb50px\u00bb custom_margin=\u00bb-41px|||||\u00bb][\/et_pb_fullwidth_header][\/et_pb_section][et_pb_section fb_built=\u00bb1&#8243; _builder_version=\u00bb4.27.4&#8243; _module_preset=\u00bbdefault\u00bb global_colors_info=\u00bb{}\u00bb custom_padding=\u00bb11px|||||\u00bb][et_pb_row _builder_version=\u00bb4.27.4&#8243; _module_preset=\u00bbdefault\u00bb column_structure=\u00bb1_2,1_2&#8243;][et_pb_column _builder_version=\u00bb4.27.4&#8243; _module_preset=\u00bbdefault\u00bb type=\u00bb1_2&#8243;][et_pb_text _builder_version=\u00bb4.27.4&#8243; _module_preset=\u00bbdefault\u00bb hover_enabled=\u00bb0&#8243; sticky_enabled=\u00bb0&#8243;]<\/p>\n<table border=\"1\" style=\"border-collapse: collapse; width: 100%;\">\n<tbody>\n<tr>\n<td style=\"width: 50%;\"><strong>Secretario de Educaci\u00f3n M\u00e9dica<\/strong><\/td>\n<\/tr>\n<tr>\n<td style=\"width: 50%;\">Dr. Armando Ort\u00edz Montalvo<\/td>\n<\/tr>\n<tr>\n<td style=\"width: 50%;\">Tel\u00e9fono: 55-56-23-24-49 y 55-56-23-24-48<\/td>\n<\/tr>\n<tr>\n<td style=\"width: 50%;\">aortizm@facmed.unam.mx<\/td>\n<\/tr>\n<\/tbody>\n<\/table>\n<p>[\/et_pb_text][\/et_pb_column][et_pb_column _builder_version=\u00bb4.27.4&#8243; _module_preset=\u00bbdefault\u00bb type=\u00bb1_2&#8243;][et_pb_text _builder_version=\u00bb4.27.4&#8243; _module_preset=\u00bbdefault\u00bb hover_enabled=\u00bb0&#8243; sticky_enabled=\u00bb0&#8243;]<\/p>\n<table border=\"1\" style=\"border-collapse: collapse; width: 100%;\">\n<tbody>\n<tr>\n<td style=\"width: 50%;\"><strong>Departamento de Evaluaci\u00f3n Educativa<\/strong><\/td>\n<\/tr>\n<tr>\n<td style=\"width: 50%;\">Dr. Antonio Cerritos<\/td>\n<\/tr>\n<tr>\n<td style=\"width: 50%;\">Tel\u00e9fono: 55-56-24-51-70<\/td>\n<\/tr>\n<tr>\n<td style=\"width: 50%;\">drcerritos@facmed.unam.mx<\/td>\n<\/tr>\n<\/tbody>\n<\/table>\n<p>[\/et_pb_text][\/et_pb_column][\/et_pb_row][et_pb_row _builder_version=\u00bb4.27.4&#8243; _module_preset=\u00bbdefault\u00bb column_structure=\u00bb1_2,1_2&#8243;][et_pb_column _builder_version=\u00bb4.27.4&#8243; _module_preset=\u00bbdefault\u00bb type=\u00bb1_2&#8243;][et_pb_text _builder_version=\u00bb4.27.4&#8243; _module_preset=\u00bbdefault\u00bb hover_enabled=\u00bb0&#8243; sticky_enabled=\u00bb0&#8243;]<\/p>\n<table border=\"1\" style=\"border-collapse: collapse; width: 100%; height: 96px;\">\n<tbody>\n<tr style=\"height: 24px;\">\n<td style=\"width: 50%; height: 24px;\"><strong>Departamento de Inform\u00e1tica M\u00e9dica<\/strong><\/td>\n<\/tr>\n<tr style=\"height: 24px;\">\n<td style=\"width: 50%; height: 24px;\">Dra. Argelia Rosales Vega<\/td>\n<\/tr>\n<tr style=\"height: 24px;\">\n<td style=\"width: 50%; height: 24px;\">Tel\u00e9fono: 55-56-23-24-35<\/td>\n<\/tr>\n<tr style=\"height: 24px;\">\n<td style=\"width: 50%; height: 24px;\">arosales@facmed.unam.mx<\/td>\n<\/tr>\n<\/tbody>\n<\/table>\n<p>[\/et_pb_text][\/et_pb_column][et_pb_column _builder_version=\u00bb4.27.4&#8243; _module_preset=\u00bbdefault\u00bb type=\u00bb1_2&#8243;][et_pb_text _builder_version=\u00bb4.27.4&#8243; _module_preset=\u00bbdefault\u00bb hover_enabled=\u00bb0&#8243; sticky_enabled=\u00bb0&#8243;]<\/p>\n<table border=\"1\" style=\"border-collapse: collapse; width: 100%; height: 96px;\">\n<tbody>\n<tr style=\"height: 24px;\">\n<td style=\"width: 50%; height: 24px;\"><strong>Departamento de Investigaci\u00f3n en Educaci\u00f3n M\u00e9dica<\/strong><\/td>\n<\/tr>\n<tr style=\"height: 24px;\">\n<td style=\"width: 50%; height: 24px;\">Dra. Tania Vives Varela<\/td>\n<\/tr>\n<tr style=\"height: 24px;\">\n<td style=\"width: 50%; height: 24px;\">Tel\u00e9fono: 55-56-23-23-00 Ext. 45171<\/td>\n<\/tr>\n<tr style=\"height: 24px;\">\n<td style=\"width: 50%; height: 24px;\">vivesvarela@facmed.unam.mx<\/td>\n<\/tr>\n<\/tbody>\n<\/table>\n<p>[\/et_pb_text][\/et_pb_column][\/et_pb_row][et_pb_row _builder_version=\u00bb4.27.4&#8243; _module_preset=\u00bbdefault\u00bb column_structure=\u00bb1_2,1_2&#8243;][et_pb_column _builder_version=\u00bb4.27.4&#8243; _module_preset=\u00bbdefault\u00bb type=\u00bb1_2&#8243;][et_pb_text _builder_version=\u00bb4.27.4&#8243; _module_preset=\u00bbdefault\u00bb hover_enabled=\u00bb0&#8243; sticky_enabled=\u00bb0&#8243;]<\/p>\n<table border=\"1\" style=\"border-collapse: collapse; width: 100%; height: 96px;\">\n<tbody>\n<tr style=\"height: 24px;\">\n<td style=\"width: 50%; height: 24px;\"><strong>Unidad de Desarrollo Acad\u00e9mico<\/strong><\/td>\n<\/tr>\n<tr style=\"height: 24px;\">\n<td style=\"width: 50%; height: 24px;\">Dra. Diana Sesma Castro<\/td>\n<\/tr>\n<tr style=\"height: 24px;\">\n<td style=\"width: 50%; height: 24px;\">Tel\u00e9fono: 55-56-23-24-75<\/td>\n<\/tr>\n<tr style=\"height: 24px;\">\n<td style=\"width: 50%; height: 24px;\">dianasesma@facmed.unam.mx<\/td>\n<\/tr>\n<\/tbody>\n<\/table>\n<p>[\/et_pb_text][\/et_pb_column][et_pb_column _builder_version=\u00bb4.27.4&#8243; _module_preset=\u00bbdefault\u00bb type=\u00bb1_2&#8243;][et_pb_text _builder_version=\u00bb4.27.4&#8243; _module_preset=\u00bbdefault\u00bb hover_enabled=\u00bb0&#8243; sticky_enabled=\u00bb0&#8243;]<\/p>\n<table border=\"1\" style=\"border-collapse: collapse; width: 100%; height: 96px;\">\n<tbody>\n<tr style=\"height: 24px;\">\n<td style=\"width: 50%; height: 24px;\"><strong>Unidad Administrativa<\/strong><\/td>\n<\/tr>\n<tr style=\"height: 24px;\">\n<td style=\"width: 50%; height: 24px;\">Lic. Marisela Hern\u00e1ndez<\/td>\n<\/tr>\n<tr style=\"height: 24px;\">\n<td style=\"width: 50%; height: 24px;\">Tel\u00e9fono: 56-23-24-16<\/td>\n<\/tr>\n<tr style=\"height: 24px;\">\n<td style=\"width: 50%; height: 24px;\">uasem@hotmail.com<\/td>\n<\/tr>\n<\/tbody>\n<\/table>\n<p>[\/et_pb_text][\/et_pb_column][\/et_pb_row][\/et_pb_section][et_pb_section fb_built=\u00bb1&#8243; fullwidth=\u00bbon\u00bb _builder_version=\u00bb4.27.4&#8243; _module_preset=\u00bbdefault\u00bb global_colors_info=\u00bb{}\u00bb][et_pb_fullwidth_header _builder_version=\u00bb4.27.4&#8243; _module_preset=\u00bbdefault\u00bb background_color=\u00bb#353535&#8243; custom_padding=\u00bb22px||22px|||\u00bb global_colors_info=\u00bb{}\u00bb]<\/p>\n<p style=\"text-align: center;\">FACULTAD DE MEDICINA \u2022 CIRCUITO INTERIOR \u2022 CIUDAD UNIVERSITARIA \u2022 AV. UNIVERSIDAD 3000 \u2022 CP 04510<\/p>\n<p style=\"text-align: center;\">AVISO DE PRIVACIDAD<\/p>\n<p style=\"text-align: center;\"><a href=\"http:\/\/www.facmed.unam.mx\/eventos\/privacidad\/AVISOINTEGRAL.pdf\" target=\"_blank\" rel=\"noopener\">[INTEGRAL]<\/a>\u00a0|\u00a0<a href=\"http:\/\/www.facmed.unam.mx\/eventos\/privacidad\/AVISOSIMPLIFICADO.pdf\" target=\"_blank\" rel=\"noopener\">[SIMPLIFICADO]<\/a><\/p>\n<p>[\/et_pb_fullwidth_header][\/et_pb_section]<\/p>\n","protected":false},"excerpt":{"rendered":"<p>Secretario de Educaci\u00f3n M\u00e9dica Dr. Armando Ort\u00edz Montalvo Tel\u00e9fono: 55-56-23-24-49 y 55-56-23-24-48 aortizm@facmed.unam.mx Departamento de Evaluaci\u00f3n Educativa Dr. Antonio Cerritos Tel\u00e9fono: 55-56-24-51-70 drcerritos@facmed.unam.mx Departamento de Inform\u00e1tica M\u00e9dica Dra. Argelia Rosales Vega Tel\u00e9fono: 55-56-23-24-35 arosales@facmed.unam.mx Departamento de Investigaci\u00f3n en Educaci\u00f3n M\u00e9dica Dra. Tania Vives Varela Tel\u00e9fono: 55-56-23-23-00 Ext. 45171 vivesvarela@facmed.unam.mx Unidad de Desarrollo Acad\u00e9mico Dra. Diana [&hellip;]<\/p>\n","protected":false},"author":1,"featured_media":0,"parent":0,"menu_order":0,"comment_status":"closed","ping_status":"closed","template":"","meta":{"_et_pb_use_builder":"on","_et_pb_old_content":"","_et_gb_content_width":"","footnotes":""},"class_list":["post-237","page","type-page","status-publish","hentry"],"_links":{"self":[{"href":"https:\/\/sem-fm.facmed.unam.mx\/index.php\/wp-json\/wp\/v2\/pages\/237","targetHints":{"allow":["GET"]}}],"collection":[{"href":"https:\/\/sem-fm.facmed.unam.mx\/index.php\/wp-json\/wp\/v2\/pages"}],"about":[{"href":"https:\/\/sem-fm.facmed.unam.mx\/index.php\/wp-json\/wp\/v2\/types\/page"}],"author":[{"embeddable":true,"href":"https:\/\/sem-fm.facmed.unam.mx\/index.php\/wp-json\/wp\/v2\/users\/1"}],"replies":[{"embeddable":true,"href":"https:\/\/sem-fm.facmed.unam.mx\/index.php\/wp-json\/wp\/v2\/comments?post=237"}],"version-history":[{"count":6,"href":"https:\/\/sem-fm.facmed.unam.mx\/index.php\/wp-json\/wp\/v2\/pages\/237\/revisions"}],"predecessor-version":[{"id":248,"href":"https:\/\/sem-fm.facmed.unam.mx\/index.php\/wp-json\/wp\/v2\/pages\/237\/revisions\/248"}],"wp:attachment":[{"href":"https:\/\/sem-fm.facmed.unam.mx\/index.php\/wp-json\/wp\/v2\/media?parent=237"}],"curies":[{"name":"wp","href":"https:\/\/api.w.org\/{rel}","templated":true}]}}