{"id":268,"date":"2025-12-05T22:34:30","date_gmt":"2025-12-05T21:34:30","guid":{"rendered":"https:\/\/sem-fm.facmed.unam.mx\/?page_id=268"},"modified":"2026-02-24T10:47:32","modified_gmt":"2026-02-24T16:47:32","slug":"uda-2","status":"publish","type":"page","link":"https:\/\/sem-fm.facmed.unam.mx\/index.php\/uda-2\/","title":{"rendered":"UDA"},"content":{"rendered":"<p>[et_pb_section fb_built=\u00bb1&#8243; _builder_version=\u00bb4.27.4&#8243; _module_preset=\u00bbdefault\u00bb custom_padding=\u00bb11px|||||\u00bb global_colors_info=\u00bb{}\u00bb][et_pb_row _builder_version=\u00bb4.27.4&#8243; _module_preset=\u00bbdefault\u00bb width=\u00bb100%\u00bb max_width=\u00bb1764px\u00bb custom_margin=\u00bb-5px|auto|-9px|auto||\u00bb custom_padding=\u00bb11px||0px|||\u00bb global_colors_info=\u00bb{}\u00bb][et_pb_column type=\u00bb4_4&#8243; _builder_version=\u00bb4.27.4&#8243; _module_preset=\u00bbdefault\u00bb global_colors_info=\u00bb{}\u00bb][et_pb_social_media_follow _builder_version=\u00bb4.27.4&#8243; _module_preset=\u00bbdefault\u00bb text_orientation=\u00bbright\u00bb width=\u00bb100%\u00bb max_width=\u00bb100%\u00bb module_alignment=\u00bbright\u00bb custom_margin=\u00bb-4px|||||\u00bb global_colors_info=\u00bb{}\u00bb][et_pb_social_media_follow_network social_network=\u00bbfacebook\u00bb url=\u00bbhttps:\/\/www.facebook.com\/SEMFMUNAM\/?locale=es_LA\u00bb _builder_version=\u00bb4.27.4&#8243; _module_preset=\u00bbdefault\u00bb background_color=\u00bb#3b5998&#8243; global_colors_info=\u00bb{}\u00bb follow_button=\u00bboff\u00bb url_new_window=\u00bbon\u00bb]facebook[\/et_pb_social_media_follow_network][et_pb_social_media_follow_network social_network=\u00bbtwitter\u00bb url=\u00bbhttps:\/\/x.com\/SEMFacMed\u00bb _builder_version=\u00bb4.27.4&#8243; _module_preset=\u00bbdefault\u00bb background_color=\u00bb#000000&#8243; global_colors_info=\u00bb{}\u00bb follow_button=\u00bboff\u00bb url_new_window=\u00bbon\u00bb]X[\/et_pb_social_media_follow_network][et_pb_social_media_follow_network social_network=\u00bbyoutube\u00bb url=\u00bbhttps:\/\/www.youtube.com\/@secretariadeeducacionmedic2758&#8243; _builder_version=\u00bb4.27.4&#8243; _module_preset=\u00bbdefault\u00bb background_color=\u00bb#a82400&#8243; global_colors_info=\u00bb{}\u00bb follow_button=\u00bboff\u00bb url_new_window=\u00bbon\u00bb]youtube[\/et_pb_social_media_follow_network][\/et_pb_social_media_follow][\/et_pb_column][\/et_pb_row][\/et_pb_section][et_pb_section fb_built=\u00bb1&#8243; fullwidth=\u00bbon\u00bb _builder_version=\u00bb4.27.4&#8243; _module_preset=\u00bbdefault\u00bb global_colors_info=\u00bb{}\u00bb][et_pb_fullwidth_header title=\u00bbUnidad de Desarrollo Acad\u00e9mico\u00bb _builder_version=\u00bb4.27.4&#8243; _module_preset=\u00bbdefault\u00bb background_color=\u00bb#8B68EE\u00bb min_height=\u00bb117px\u00bb custom_margin=\u00bb-43px|||||\u00bb global_colors_info=\u00bb{}\u00bb][\/et_pb_fullwidth_header][\/et_pb_section][et_pb_section fb_built=\u00bb1&#8243; _builder_version=\u00bb4.27.4&#8243; _module_preset=\u00bbdefault\u00bb custom_padding=\u00bb20px||10px|||\u00bb global_colors_info=\u00bb{}\u00bb][et_pb_row _builder_version=\u00bb4.27.4&#8243; _module_preset=\u00bbdefault\u00bb custom_margin=\u00bb-4px|auto||auto||\u00bb custom_padding=\u00bb10px||7px|||\u00bb animation_style=\u00bbzoom\u00bb global_colors_info=\u00bb{}\u00bb][et_pb_column type=\u00bb4_4&#8243; _builder_version=\u00bb4.27.4&#8243; _module_preset=\u00bbdefault\u00bb global_colors_info=\u00bb{}\u00bb][et_pb_social_media_follow _builder_version=\u00bb4.27.4&#8243; _module_preset=\u00bbdefault\u00bb global_colors_info=\u00bb{}\u00bb][et_pb_social_media_follow_network social_network=\u00bbfacebook\u00bb url=\u00bbhttps:\/\/www.facebook.com\/UDAFACMED\/\u00bb _builder_version=\u00bb4.27.4&#8243; _module_preset=\u00bbdefault\u00bb background_color=\u00bb#3b5998&#8243; global_colors_info=\u00bb{}\u00bb follow_button=\u00bboff\u00bb url_new_window=\u00bbon\u00bb]facebook[\/et_pb_social_media_follow_network][et_pb_social_media_follow_network social_network=\u00bbtiktok\u00bb url=\u00bbhttps:\/\/www.tiktok.com\/@udasem.24&#8243; _builder_version=\u00bb4.27.4&#8243; _module_preset=\u00bbdefault\u00bb background_color=\u00bb#fe2c55&#8243; global_colors_info=\u00bb{}\u00bb follow_button=\u00bboff\u00bb url_new_window=\u00bbon\u00bb]tiktok[\/et_pb_social_media_follow_network][et_pb_social_media_follow_network social_network=\u00bbtwitter\u00bb url=\u00bbhttps:\/\/x.com\/AcademicoUnidad?t=d77aQi7_JuvlnQqWJhu0_A&#038;s=09&#8243; _builder_version=\u00bb4.27.4&#8243; _module_preset=\u00bbdefault\u00bb background_color=\u00bb#000000&#8243; global_colors_info=\u00bb{}\u00bb follow_button=\u00bboff\u00bb url_new_window=\u00bbon\u00bb]X[\/et_pb_social_media_follow_network][et_pb_social_media_follow_network social_network=\u00bbinstagram\u00bb url=\u00bbhttps:\/\/www.instagram.com\/uda.sem\u00bb _builder_version=\u00bb4.27.4&#8243; _module_preset=\u00bbdefault\u00bb background_color=\u00bb#ea2c59&#8243; global_colors_info=\u00bb{}\u00bb follow_button=\u00bboff\u00bb url_new_window=\u00bbon\u00bb]instagram[\/et_pb_social_media_follow_network][et_pb_social_media_follow_network social_network=\u00bbyoutube\u00bb url=\u00bbhttps:\/\/www.youtube.com\/@secretariadeeducacionmedic2758&#8243; _builder_version=\u00bb4.27.4&#8243; _module_preset=\u00bbdefault\u00bb background_color=\u00bb#a82400&#8243; global_colors_info=\u00bb{}\u00bb follow_button=\u00bboff\u00bb url_new_window=\u00bbon\u00bb]youtube[\/et_pb_social_media_follow_network][\/et_pb_social_media_follow][\/et_pb_column][\/et_pb_row][\/et_pb_section][et_pb_section fb_built=\u00bb1&#8243; specialty=\u00bbon\u00bb _builder_version=\u00bb4.27.4&#8243; _module_preset=\u00bbdefault\u00bb custom_padding=\u00bb6px|||||\u00bb global_colors_info=\u00bb{}\u00bb][et_pb_column type=\u00bb1_3&#8243; _builder_version=\u00bb4.16&#8243; custom_padding=\u00bb|||\u00bb global_colors_info=\u00bb{}\u00bb custom_padding__hover=\u00bb|||\u00bb][et_pb_accordion open_toggle_text_color=\u00bb#000000&#8243; open_toggle_background_color=\u00bbRGBA(255,255,255,0)\u00bb closed_toggle_background_color=\u00bb#ac9aed\u00bb icon_color=\u00bb#FFFFFF\u00bb _builder_version=\u00bb4.27.4&#8243; _module_preset=\u00bbdefault\u00bb toggle_text_color=\u00bb#FFFFFF\u00bb background_color=\u00bb#FFFFFF\u00bb width=\u00bb100%\u00bb max_width=\u00bb104%\u00bb min_height=\u00bb1000px\u00bb height=\u00bb1000px\u00bb custom_margin=\u00bb-10px|||||\u00bb animation_style=\u00bbfade\u00bb global_colors_info=\u00bb{}\u00bb][et_pb_accordion_item title=\u00bbJefa de la Unidad de Desarrollo Acad\u00e9mico \u00bb open=\u00bbon\u00bb _builder_version=\u00bb4.27.4&#8243; _module_preset=\u00bbdefault\u00bb global_colors_info=\u00bb{}\u00bb]<\/p>\n<p>Dra. Diana Sesma Castro<br \/><span style=\"color: #001685;\"><a href=\"mailto:dianasesma@facmed.unam.mx\">dianasesma@facmed.unam.mx<\/a><\/span><\/p>\n<p>Tel\u00e9fono: 55-56-23-24-75<\/p>\n<p>[\/et_pb_accordion_item][et_pb_accordion_item title=\u00bbFormaci\u00f3n y actualizaci\u00f3n docente\u00bb _builder_version=\u00bb4.27.4&#8243; _module_preset=\u00bbdefault\u00bb global_colors_info=\u00bb{}\u00bb open=\u00bboff\u00bb]<\/p>\n<p>Dra. Mirlene Barrientos Jim\u00e9nez<br \/><a href=\"mailto:mirbj18@gmail.com\"><span style=\"color: #001685;\">mirbj18@gmail.com<\/span><\/a><\/p>\n<p><span style=\"color: #001685;\"><a href=\"mailto:mcoa06@yahoo.com.mx\"><\/a><\/span>Tel\u00e9fono: 55-56-23-23-00 Ext. 45177<\/p>\n<p>[\/et_pb_accordion_item][et_pb_accordion_item title=\u00bbFormaci\u00f3n inicial\u00bb _builder_version=\u00bb4.27.4&#8243; _module_preset=\u00bbdefault\u00bb global_colors_info=\u00bb{}\u00bb open=\u00bboff\u00bb]<\/p>\n<p>Dra. Ang\u00e9lica Licona Villa<br \/><a href=\"mailto:angelicaliconav@facmed.unam.mx\" target=\"_blank\" rel=\"noopener\"><span style=\"color: #001685;\">angelicaliconav@facmed.unam.mx<\/span><\/a><\/p>\n<p><span style=\"color: #001685;\"><a href=\"mailto:mcoa06@yahoo.com.mx\"><\/a><\/span>Tel\u00e9fono: 55-56-23-23-00 Ext. 43035<\/p>\n<p>[\/et_pb_accordion_item][et_pb_accordion_item title=\u00bbBienestar docente\u00bb _builder_version=\u00bb4.27.4&#8243; _module_preset=\u00bbdefault\u00bb global_colors_info=\u00bb{}\u00bb open=\u00bboff\u00bb]<\/p>\n<p>Dr. Jahaziel Quint\u00edn Cruz Garc\u00eda<br \/><a href=\"https:\/\/sem.facmed.unam.mx\/jahaziel.q@facmed.unam.mx\"><span style=\"color: #001685;\">jahaziel.q@facmed.unam.mx<\/span><\/a><\/p>\n<p><span style=\"color: #001685;\"><a href=\"mailto:mcoa06@yahoo.com.mx\"><\/a><\/span>Tel\u00e9fono: 55-56-23-23-00 Ext. 43035<\/p>\n<p>[\/et_pb_accordion_item][et_pb_accordion_item title=\u00bbActividades avaladas\u00bb _builder_version=\u00bb4.27.4&#8243; _module_preset=\u00bbdefault\u00bb global_colors_info=\u00bb{}\u00bb open=\u00bboff\u00bb]<\/p>\n<p>Mtra. Mar\u00eda de los \u00c1ngeles Equihua Orozco<br \/><a href=\"mailto:angiiorozco0@gmail.com\"><span style=\"color: #001685;\">angiiorozco0@gmail.com<\/span><\/a><\/p>\n<p><span style=\"color: #001685;\"><a href=\"mailto:mcoa06@yahoo.com.mx\"><\/a><\/span>Tel\u00e9fono: 55-56-23-23-00 Ext. 32457<\/p>\n<p>[\/et_pb_accordion_item][et_pb_accordion_item title=\u00bbDGAPA\u00bb _builder_version=\u00bb4.27.4&#8243; _module_preset=\u00bbdefault\u00bb global_colors_info=\u00bb{}\u00bb open=\u00bboff\u00bb]<\/p>\n<p>Mtra. Ma. Del Carmen Osorio \u00c1lvarez<br \/><span style=\"color: #001685;\"><a href=\"mailto:mcoa06@yahoo.com.mx\">mcoa06@yahoo.com.mx<\/a><\/span><\/p>\n<p><span style=\"color: #001685;\"><a href=\"mailto:mcoa06@yahoo.com.mx\"><\/a><\/span>Tel\u00e9fono: 55-56-23-23-00 Ext. 32457<\/p>\n<p>[\/et_pb_accordion_item][et_pb_accordion_item title=\u00bbRedes sociales de la UDA\u00bb _builder_version=\u00bb4.27.4&#8243; _module_preset=\u00bbdefault\u00bb global_colors_info=\u00bb{}\u00bb open=\u00bboff\u00bb]<\/p>\n<p>Dra. Norma Lucila Ram\u00edrez L\u00f3pez<br \/><a href=\"mailto:norram@hotmail.com\"><span style=\"color: #001685;\">norram@hotmail.com<\/span><\/a><\/p>\n<p><span style=\"color: #001685;\"><a href=\"mailto:mcoa06@yahoo.com.mx\"><\/a><\/span>Tel\u00e9fono: 55-56-23-23-00 Ext. 45174<\/p>\n<p>[\/et_pb_accordion_item][et_pb_accordion_item title=\u00bbServicio social\u00bb _builder_version=\u00bb4.27.4&#8243; _module_preset=\u00bbdefault\u00bb global_colors_info=\u00bb{}\u00bb open=\u00bboff\u00bb]<\/p>\n<p>Raquel Yamileth Hern\u00e1ndez Felipe<br \/><span style=\"color: #001685;\"><\/span><\/p>\n<p><span style=\"color: #001685;\">Ileana S\u00e1nchez Terr\u00f3n<br \/><\/span><\/p>\n<p>[\/et_pb_accordion_item][et_pb_accordion_item title=\u00bbApoyo administrativo\u00bb _builder_version=\u00bb4.27.4&#8243; _module_preset=\u00bbdefault\u00bb global_colors_info=\u00bb{}\u00bb open=\u00bboff\u00bb]<\/p>\n<p>Lic. Gabriela Meza Salinas<br \/><a href=\"mailto:gmeza@facmed.unam.mx\"><span style=\"color: #001685;\">gmeza@facmed.unam.mx<\/span><\/a><\/p>\n<p><span style=\"color: #001685;\"><a href=\"mailto:mcoa06@yahoo.com.mx\"><\/a><\/span>Tel\u00e9fono: 55-56-23-23-00 Ext. 43016<\/p>\n<p>Mar\u00eda Elena Garc\u00eda Garc\u00eda<br \/><a href=\"mailto:garciamarielena899@gmail.com\"><span style=\"color: #001685;\">garciamarielena899@gmail.com<\/span><\/a><\/p>\n<p>[\/et_pb_accordion_item][\/et_pb_accordion][et_pb_gallery gallery_ids=\u00bb397,396,290&#8243; fullwidth=\u00bbon\u00bb _builder_version=\u00bb4.27.4&#8243; _module_preset=\u00bbdefault\u00bb animation_style=\u00bbfade\u00bb auto=\u00bbon\u00bb link_option_url=\u00bbhttps:\/\/sem.facmed.unam.mx\/SIRIUDA\/\u00bb link_option_url_new_window=\u00bbon\u00bb box_shadow_style=\u00bbpreset1&#8243; global_colors_info=\u00bb{}\u00bb][\/et_pb_gallery][\/et_pb_column][et_pb_column type=\u00bb2_3&#8243; specialty_columns=\u00bb2&#8243; _builder_version=\u00bb4.16&#8243; custom_padding=\u00bb|||\u00bb global_colors_info=\u00bb{}\u00bb custom_padding__hover=\u00bb|||\u00bb][et_pb_row_inner _builder_version=\u00bb4.27.4&#8243; _module_preset=\u00bbdefault\u00bb custom_padding=\u00bb17px|||||\u00bb animation_style=\u00bbfade\u00bb global_colors_info=\u00bb{}\u00bb][et_pb_column_inner saved_specialty_column_type=\u00bb2_3&#8243; _builder_version=\u00bb4.27.4&#8243; _module_preset=\u00bbdefault\u00bb global_colors_info=\u00bb{}\u00bb][et_pb_code _builder_version=\u00bb4.27.4&#8243; _module_preset=\u00bbdefault\u00bb global_colors_info=\u00bb{}\u00bb]<\/p>\n<div style=\"width: 100%;\">\n<div style=\"position: relative; padding-bottom: 56.25%; padding-top: 0; height: 0;\"><iframe loading=\"lazy\" title=\"2026 OFERTA ACAD\u00c9MICA\" frameborder=\"0\" width=\"1200\" height=\"675\" style=\"position: absolute; top: 0; left: 0; width: 100%; height: 100%;\" src=\"https:\/\/view.genially.com\/692f46f9b51d1ecf49c59a69\" type=\"text\/html\" allowscriptaccess=\"always\" allowfullscreen=\"true\" scrolling=\"yes\" allownetworking=\"all\"><\/iframe> <\/div>\n<\/p><\/div>\n<p>[\/et_pb_code][\/et_pb_column_inner][\/et_pb_row_inner][et_pb_row_inner _builder_version=\u00bb4.27.4&#8243; _module_preset=\u00bbdefault\u00bb global_colors_info=\u00bb{}\u00bb][et_pb_column_inner saved_specialty_column_type=\u00bb2_3&#8243; _builder_version=\u00bb4.27.4&#8243; _module_preset=\u00bbdefault\u00bb global_colors_info=\u00bb{}\u00bb][et_pb_tabs _builder_version=\u00bb4.27.4&#8243; _module_preset=\u00bbdefault\u00bb background_color=\u00bb#FFFFFF\u00bb animation_style=\u00bbfade\u00bb animation_duration=\u00bb1150ms\u00bb global_colors_info=\u00bb{}\u00bb][et_pb_tab title=\u00bbAcerca de\u00bb _builder_version=\u00bb4.27.4&#8243; _module_preset=\u00bbdefault\u00bb global_colors_info=\u00bb{}\u00bb]<\/p>\n<p style=\"text-align: justify;\">Esta unidad aparece en el a\u00f1o 2008 a partir de la transformaci\u00f3n del Departamento de Desarrollo Acad\u00e9mico UDA con la finalidad de fortalecer los programas de formaci\u00f3n pedag\u00f3gica de los profesores de la Facultad de Medicina, lo que permiti\u00f3 contar con personal acad\u00e9mico especializado en psicolog\u00eda, pedagog\u00eda y en educaci\u00f3n m\u00e9dica, redefinir programas, modificar la organizaci\u00f3n del \u00e1rea y las funciones del personal, aunado al cambio de los espacios f\u00edsicos que contribuy\u00f3 a mejorar el ambiente laboral y la comodidad en la ejecuci\u00f3n de las tareas asignadas al personal acad\u00e9mico y administrativo<\/p>\n<p style=\"text-align: justify;\">La Unidad de Desarrollo Acad\u00e9mico de la SEM tiene entre sus responsabilidades, construir un referente te\u00f3rico-metodol\u00f3gico de vanguardia conforme a: las tendencias nacionales e internacionales en educaci\u00f3n m\u00e9dica, las competencias del profesorado universitario y las competencias que deben ser promovidas en el estudiante en el actual plan de estudios, y con ello mejorar el nivel educativo de sus egresados. Asimismo la UDA es responsable de ofertar y\/o avalar talleres, seminarios y diplomados basados en el referente te\u00f3rico- metodol\u00f3gico arriba se\u00f1alado, en el que en los diversos talleres, los profesores aprendan c\u00f3mo realizar actividades did\u00e1cticas con los estudiantes en los diversos entornos acad\u00e9micos (aulas, laboratorios, hospitales, comunidades), de modo tal que les sea significativo y \u00fatil para el desarrollo profesional de los m\u00e9dicos en formaci\u00f3n.<\/p>\n<p style=\"text-align: justify;\">Actualmente se reestructura la oferta acad\u00e9mica existente a partir de los resultados de la evaluaci\u00f3n docente que se ha realizado en los \u00faltimos a\u00f1os en la FM, de modo tal que se pueda brindar al profesor una serie de herramientas en aquellas \u00e1reas de oportunidad reflejadas en dicha evaluaci\u00f3n. Tambi\u00e9n en esta propuesta se busca el dinamismo en las actividades que le permitan al profesor aprender haciendo en los talleres, y as\u00ed todas y cada una de las actividades realizadas en los mismos sean reproducibles en las aulas y otros contextos de aprendizaje.<\/p>\n<p style=\"text-align: justify;\">Las TIC y otras herramientas sirven de apoyo para la producci\u00f3n de las actividades en los talleres.<\/p>\n<p>[\/et_pb_tab][et_pb_tab title=\u00bbObjetivos\u00bb _builder_version=\u00bb4.27.4&#8243; _module_preset=\u00bbdefault\u00bb global_colors_info=\u00bb{}\u00bb]<\/p>\n<section>\n<div align=\"justify\">\n<ul>\n<li>Preparar a los profesores de la FM, mediante capacitaci\u00f3n, en su desempe\u00f1o docente para fortalecer la excelencia acad\u00e9mica, desde su formaci\u00f3n docente inicial, su actualizaci\u00f3n constante, as\u00ed como la profundizaci\u00f3n en temas de investigaci\u00f3n en educaci\u00f3n m\u00e9dica en aquellos quienes cuentan con amplia experiencia docente.<\/li>\n<li>Crear, innovar e implementar diversas actividades de ense\u00f1anza- aprendizaje aplicables a diversos contextos acad\u00e9micos (aulas, laboratorios, hospitales y comunidades).<\/li>\n<li>Ofrecer un espacio de superaci\u00f3n acad\u00e9mica permanente y proporcionar a los profesores del bachillerato y de licenciatura del \u00e1rea de la salud, las herramientas did\u00e1cticas para el mejor ejercicio de la docencia en las diversas disciplinas que abarca dicha \u00e1rea.<\/li>\n<li>Implementar estrategias did\u00e1cticas de recuperaci\u00f3n en los estudiantes suspendidos en el examen profesional, que les permitan demostrar competencias profesionales de integraci\u00f3n y razonamiento cl\u00ednico necesario para su desarrollo acad\u00e9mico y para acreditar el examen profesional.<\/li>\n<\/ul>\n<\/div>\n<\/section>\n<p>[\/et_pb_tab][et_pb_tab title=\u00bbFunciones\u00bb _builder_version=\u00bb4.27.4&#8243; _module_preset=\u00bbdefault\u00bb global_colors_info=\u00bb{}\u00bb]<\/p>\n<ul>\n<li>Dise\u00f1ar, ejecutar, evaluar y actualizar constantemente la oferta acad\u00e9mica del Programa de Atenci\u00f3n Integral a la Docencia (PAID), y el Programa de Actualizaci\u00f3n y Superaci\u00f3n Docente (PASD-Licenciatura y bachillerato) dependiente de la Direcci\u00f3n General de Asuntos del Personal Acad\u00e9mico (DGAPA), de la UNAM, a trav\u00e9s de talleres, seminarios y diplomados en modalidades presencial, semipresencial y en l\u00ednea.<\/li>\n<li>Asesorar a coordinadores de ense\u00f1anza y a todos aquellos responsables e interesados en capacitaci\u00f3n docente o en mejorar la calidad de la ense\u00f1anza, en el dise\u00f1o de talleres, seminarios o actividades especiales relacionados con dicha funci\u00f3n, de manera que la oferta se enriquezca y responda a necesidades de alg\u00fan departamento o \u00e1rea acad\u00e9mica espec\u00edfica de la FM.<\/li>\n<li>Establecer relaciones al interior de la facultad, de la Universidad y con otras instituciones afines, para intercambiar experiencias educativas, difundir la propuesta de formaci\u00f3n docente de la FM y as\u00ed enriquecer la experiencia de manera rec\u00edproca.<\/li>\n<li>Controlar la emisi\u00f3n, registro y entrega de constancias de participaci\u00f3n en las actividades de actualizaci\u00f3n, formaci\u00f3n y superaci\u00f3n docente de los profesores tanto de la Facultad de Medicina como externos, impartidas y avaladas por la Secretar\u00eda de Educaci\u00f3n M\u00e9dica.<\/li>\n<li>Vigilar el buen uso de las aulas de Formaci\u00f3n Docente (FD) para actividades de formaci\u00f3n, actualizaci\u00f3n y superaci\u00f3n docente de los profesores de la Facultad de Medicina.<\/li>\n<\/ul>\n<p>[\/et_pb_tab][et_pb_tab title=\u00bbProgramas\u00bb _builder_version=\u00bb4.27.4&#8243; _module_preset=\u00bbdefault\u00bb global_colors_info=\u00bb{}\u00bb]<\/p>\n<header>\n<h4>Programa de Atenci\u00f3n Integral a la Docencia (PAID)<\/h4>\n<\/header>\n<section>\n<div align=\"justify\">\n<p>Proporcionar a trav\u00e9s de cursos y diplomados, herramientas did\u00e1cticas que permitan al profesor actualizar sus conocimientos y perfeccionar sus estrategias de ense\u00f1anza, equilibrando la formaci\u00f3n disciplinar y pedag\u00f3gica.<\/p>\n<p style=\"text-align: justify;\">El Programa de Atenci\u00f3n Integral a la Docencia tambi\u00e9n proporciona actividades de asesor\u00eda al profesorado de la Facultad de Medicina para encontrar estrategias que les permitan resolver problemas de ense\u00f1anza, que dise\u00f1en materiales Instruccionales reales o virtuales para mejorar la did\u00e1ctica de su clase.<\/p>\n<\/div>\n<\/section>\n<p>[\/et_pb_tab][\/et_pb_tabs][\/et_pb_column_inner][\/et_pb_row_inner][et_pb_row_inner column_structure=\u00bb1_3,1_3,1_3&#8243; _builder_version=\u00bb4.27.4&#8243; _module_preset=\u00bbdefault\u00bb global_colors_info=\u00bb{}\u00bb][et_pb_column_inner type=\u00bb1_3&#8243; saved_specialty_column_type=\u00bb2_3&#8243; _builder_version=\u00bb4.27.4&#8243; _module_preset=\u00bbdefault\u00bb global_colors_info=\u00bb{}\u00bb][et_pb_button button_url=\u00bbhttps:\/\/sem.facmed.unam.mx\/av-sem\/\u00bb url_new_window=\u00bbon\u00bb button_text=\u00bbAula Virtual\u00bb button_alignment=\u00bbcenter\u00bb _builder_version=\u00bb4.27.4&#8243; _module_preset=\u00bbdefault\u00bb custom_button=\u00bbon\u00bb button_text_size=\u00bb16px\u00bb button_text_color=\u00bb#5524DB\u00bb button_border_width=\u00bb2px\u00bb button_border_radius=\u00bb4px\u00bb button_letter_spacing=\u00bb5px\u00bb button_icon=\u00bb&#xe00e;||divi||400&#8243; animation_style=\u00bbslide\u00bb box_shadow_style=\u00bbpreset3&#8243; global_colors_info=\u00bb{}\u00bb][\/et_pb_button][\/et_pb_column_inner][et_pb_column_inner type=\u00bb1_3&#8243; saved_specialty_column_type=\u00bb2_3&#8243; _builder_version=\u00bb4.27.4&#8243; _module_preset=\u00bbdefault\u00bb global_colors_info=\u00bb{}\u00bb][et_pb_button button_url=\u00bbhttps:\/\/sem.facmed.unam.mx\/SIRIUDA\/\u00bb url_new_window=\u00bbon\u00bb button_text=\u00bbSIRIUDA\u00bb button_alignment=\u00bbcenter\u00bb _builder_version=\u00bb4.27.4&#8243; _module_preset=\u00bbdefault\u00bb custom_button=\u00bbon\u00bb button_text_size=\u00bb16px\u00bb button_text_color=\u00bb#8B68EE\u00bb button_border_color=\u00bb#5524DB\u00bb button_border_radius=\u00bb4px\u00bb button_letter_spacing=\u00bb12px\u00bb button_icon=\u00bb&#x6c;||divi||400&#8243; animation_style=\u00bbslide\u00bb box_shadow_style=\u00bbpreset3&#8243; global_colors_info=\u00bb{}\u00bb][\/et_pb_button][\/et_pb_column_inner][et_pb_column_inner type=\u00bb1_3&#8243; saved_specialty_column_type=\u00bb2_3&#8243; _builder_version=\u00bb4.27.4&#8243; _module_preset=\u00bbdefault\u00bb global_colors_info=\u00bb{}\u00bb][et_pb_button button_url=\u00bbhttps:\/\/sem.facmed.unam.mx\/PDF\/ou24.jpg\u00bb url_new_window=\u00bbon\u00bb button_text=\u00bbAviso de privacidad\u00bb button_alignment=\u00bbcenter\u00bb _builder_version=\u00bb4.27.4&#8243; _module_preset=\u00bbdefault\u00bb custom_button=\u00bbon\u00bb button_text_size=\u00bb16px\u00bb button_text_color=\u00bb#ac95ed\u00bb button_border_color=\u00bb#5524DB\u00bb button_border_radius=\u00bb4px\u00bb button_letter_spacing=\u00bb0px\u00bb button_icon=\u00bb&#x68;||divi||400&#8243; animation_style=\u00bbslide\u00bb box_shadow_style=\u00bbpreset3&#8243; global_colors_info=\u00bb{}\u00bb][\/et_pb_button][\/et_pb_column_inner][\/et_pb_row_inner][\/et_pb_column][\/et_pb_section][et_pb_section fb_built=\u00bb1&#8243; fullwidth=\u00bbon\u00bb _builder_version=\u00bb4.27.4&#8243; _module_preset=\u00bbdefault\u00bb global_colors_info=\u00bb{}\u00bb][et_pb_fullwidth_menu menu_id=\u00bb15&#8243; menu_style=\u00bbcentered\u00bb fullwidth_menu=\u00bbon\u00bb active_link_color=\u00bb#5dd3bd\u00bb mobile_menu_bg_color=\u00bb#607d9e\u00bb _builder_version=\u00bb4.27.4&#8243; _module_preset=\u00bbdefault\u00bb menu_font_size=\u00bb19px\u00bb background_color=\u00bb#607d9e\u00bb background_layout=\u00bbdark\u00bb hover_enabled=\u00bb0&#8243; border_color_all_image=\u00bb#FFFFFF\u00bb global_colors_info=\u00bb{}\u00bb sticky_enabled=\u00bb0&#8243;][\/et_pb_fullwidth_menu][et_pb_fullwidth_header _builder_version=\u00bb4.27.4&#8243; _module_preset=\u00bbdefault\u00bb background_color=\u00bb#353535&#8243; custom_padding=\u00bb22px||22px|||\u00bb global_colors_info=\u00bb{}\u00bb]<\/p>\n<p style=\"text-align: center;\">FACULTAD DE MEDICINA \u2022 CIRCUITO INTERIOR \u2022 CIUDAD UNIVERSITARIA \u2022 AV. UNIVERSIDAD 3000 \u2022 CP 04510<\/p>\n<p style=\"text-align: center;\">AVISO DE PRIVACIDAD<\/p>\n<p style=\"text-align: center;\"><a href=\"http:\/\/www.facmed.unam.mx\/eventos\/privacidad\/AVISOINTEGRAL.pdf\" target=\"_blank\" rel=\"noopener\">[INTEGRAL]<\/a>\u00a0|\u00a0<a href=\"http:\/\/www.facmed.unam.mx\/eventos\/privacidad\/AVISOSIMPLIFICADO.pdf\" target=\"_blank\" rel=\"noopener\">[SIMPLIFICADO]<\/a><\/p>\n<p>[\/et_pb_fullwidth_header][\/et_pb_section]<\/p>\n","protected":false},"excerpt":{"rendered":"<p>Dra. Diana Sesma Castrodianasesma@facmed.unam.mx Tel\u00e9fono: 55-56-23-24-75Dra. Mirlene Barrientos Jim\u00e9nezmirbj18@gmail.com Tel\u00e9fono: 55-56-23-23-00 Ext. 45177Dra. Ang\u00e9lica Licona Villaangelicaliconav@facmed.unam.mx Tel\u00e9fono: 55-56-23-23-00 Ext. 43035Dr. Jahaziel Quint\u00edn Cruz Garc\u00edajahaziel.q@facmed.unam.mx Tel\u00e9fono: 55-56-23-23-00 Ext. 43035Mtra. Mar\u00eda de los \u00c1ngeles Equihua Orozcoangiiorozco0@gmail.com Tel\u00e9fono: 55-56-23-23-00 Ext. 32457Mtra. Ma. Del Carmen Osorio \u00c1lvarezmcoa06@yahoo.com.mx Tel\u00e9fono: 55-56-23-23-00 Ext. 32457Dra. Norma Lucila Ram\u00edrez L\u00f3peznorram@hotmail.com Tel\u00e9fono: 55-56-23-23-00 Ext. 45174Raquel [&hellip;]<\/p>\n","protected":false},"author":1,"featured_media":0,"parent":0,"menu_order":0,"comment_status":"closed","ping_status":"closed","template":"","meta":{"_et_pb_use_builder":"on","_et_pb_old_content":"","_et_gb_content_width":"","footnotes":""},"class_list":["post-268","page","type-page","status-publish","hentry"],"_links":{"self":[{"href":"https:\/\/sem-fm.facmed.unam.mx\/index.php\/wp-json\/wp\/v2\/pages\/268","targetHints":{"allow":["GET"]}}],"collection":[{"href":"https:\/\/sem-fm.facmed.unam.mx\/index.php\/wp-json\/wp\/v2\/pages"}],"about":[{"href":"https:\/\/sem-fm.facmed.unam.mx\/index.php\/wp-json\/wp\/v2\/types\/page"}],"author":[{"embeddable":true,"href":"https:\/\/sem-fm.facmed.unam.mx\/index.php\/wp-json\/wp\/v2\/users\/1"}],"replies":[{"embeddable":true,"href":"https:\/\/sem-fm.facmed.unam.mx\/index.php\/wp-json\/wp\/v2\/comments?post=268"}],"version-history":[{"count":33,"href":"https:\/\/sem-fm.facmed.unam.mx\/index.php\/wp-json\/wp\/v2\/pages\/268\/revisions"}],"predecessor-version":[{"id":426,"href":"https:\/\/sem-fm.facmed.unam.mx\/index.php\/wp-json\/wp\/v2\/pages\/268\/revisions\/426"}],"wp:attachment":[{"href":"https:\/\/sem-fm.facmed.unam.mx\/index.php\/wp-json\/wp\/v2\/media?parent=268"}],"curies":[{"name":"wp","href":"https:\/\/api.w.org\/{rel}","templated":true}]}}