{"id":315,"date":"2025-12-06T00:38:38","date_gmt":"2025-12-05T23:38:38","guid":{"rendered":"https:\/\/sem-fm.facmed.unam.mx\/?page_id=315"},"modified":"2026-03-26T23:51:25","modified_gmt":"2026-03-27T05:51:25","slug":"diem-2","status":"publish","type":"page","link":"https:\/\/sem-fm.facmed.unam.mx\/index.php\/diem-2\/","title":{"rendered":"DIEM"},"content":{"rendered":"<p>[et_pb_section fb_built=\u00bb1&#8243; _builder_version=\u00bb4.27.4&#8243; _module_preset=\u00bbdefault\u00bb custom_padding=\u00bb9px||7px|||\u00bb global_colors_info=\u00bb{}\u00bb][et_pb_row _builder_version=\u00bb4.27.4&#8243; _module_preset=\u00bbdefault\u00bb width=\u00bb94%\u00bb max_width=\u00bb1857px\u00bb min_height=\u00bb50px\u00bb custom_margin=\u00bb-8px|auto||auto||\u00bb custom_padding=\u00bb8px||6px|||\u00bb global_colors_info=\u00bb{}\u00bb][et_pb_column type=\u00bb4_4&#8243; _builder_version=\u00bb4.27.4&#8243; _module_preset=\u00bbdefault\u00bb global_colors_info=\u00bb{}\u00bb][et_pb_social_media_follow _builder_version=\u00bb4.27.4&#8243; _module_preset=\u00bbdefault\u00bb text_orientation=\u00bbright\u00bb custom_margin=\u00bb5px||3px|||\u00bb global_colors_info=\u00bb{}\u00bb][et_pb_social_media_follow_network social_network=\u00bbfacebook\u00bb url=\u00bbhttps:\/\/www.facebook.com\/SEMFMUNAM\/?locale=es_LA\u00bb _builder_version=\u00bb4.27.4&#8243; _module_preset=\u00bbdefault\u00bb background_color=\u00bb#3b5998&#8243; global_colors_info=\u00bb{}\u00bb follow_button=\u00bboff\u00bb url_new_window=\u00bbon\u00bb]facebook[\/et_pb_social_media_follow_network][et_pb_social_media_follow_network social_network=\u00bbtwitter\u00bb url=\u00bbhttps:\/\/x.com\/SEMFacMed\u00bb _builder_version=\u00bb4.27.4&#8243; _module_preset=\u00bbdefault\u00bb background_color=\u00bb#000000&#8243; global_colors_info=\u00bb{}\u00bb follow_button=\u00bboff\u00bb url_new_window=\u00bbon\u00bb]X[\/et_pb_social_media_follow_network][et_pb_social_media_follow_network social_network=\u00bbyoutube\u00bb url=\u00bbhttps:\/\/www.youtube.com\/@secretariadeeducacionmedic2758&#8243; _builder_version=\u00bb4.27.4&#8243; _module_preset=\u00bbdefault\u00bb background_color=\u00bb#a82400&#8243; global_colors_info=\u00bb{}\u00bb follow_button=\u00bboff\u00bb url_new_window=\u00bbon\u00bb]youtube[\/et_pb_social_media_follow_network][\/et_pb_social_media_follow][\/et_pb_column][\/et_pb_row][\/et_pb_section][et_pb_section fb_built=\u00bb1&#8243; fullwidth=\u00bbon\u00bb _builder_version=\u00bb4.27.4&#8243; _module_preset=\u00bbdefault\u00bb global_colors_info=\u00bb{}\u00bb][et_pb_fullwidth_header title=\u00bbDepartamento de Investigaci\u00f3n en Educaci\u00f3n M\u00e9dica\u00bb _builder_version=\u00bb4.27.4&#8243; _module_preset=\u00bbdefault\u00bb background_color=\u00bb#e2bd00&#8243; global_colors_info=\u00bb{}\u00bb][\/et_pb_fullwidth_header][\/et_pb_section][et_pb_section fb_built=\u00bb1&#8243; _builder_version=\u00bb4.27.4&#8243; _module_preset=\u00bbdefault\u00bb custom_padding=\u00bb14px||10px|||\u00bb global_colors_info=\u00bb{}\u00bb][et_pb_row _builder_version=\u00bb4.27.4&#8243; _module_preset=\u00bbdefault\u00bb custom_padding=\u00bb8px||7px|||\u00bb global_colors_info=\u00bb{}\u00bb][et_pb_column type=\u00bb4_4&#8243; _builder_version=\u00bb4.27.4&#8243; _module_preset=\u00bbdefault\u00bb global_colors_info=\u00bb{}\u00bb][et_pb_social_media_follow _builder_version=\u00bb4.27.4&#8243; _module_preset=\u00bbdefault\u00bb custom_margin=\u00bb1px|||||\u00bb global_colors_info=\u00bb{}\u00bb][et_pb_social_media_follow_network social_network=\u00bbfacebook\u00bb url=\u00bbhttps:\/\/www.facebook.com\/DIEMFACMEDUNAM\/\u00bb _builder_version=\u00bb4.27.4&#8243; _module_preset=\u00bbdefault\u00bb background_color=\u00bb#3b5998&#8243; global_colors_info=\u00bb{}\u00bb follow_button=\u00bboff\u00bb url_new_window=\u00bbon\u00bb]facebook[\/et_pb_social_media_follow_network][\/et_pb_social_media_follow][\/et_pb_column][\/et_pb_row][\/et_pb_section][et_pb_section fb_built=\u00bb1&#8243; specialty=\u00bbon\u00bb _builder_version=\u00bb4.27.4&#8243; _module_preset=\u00bbdefault\u00bb custom_padding=\u00bb8px|||||\u00bb global_colors_info=\u00bb{}\u00bb][et_pb_column type=\u00bb1_3&#8243; _builder_version=\u00bb4.16&#8243; custom_padding=\u00bb|||\u00bb global_colors_info=\u00bb{}\u00bb custom_padding__hover=\u00bb|||\u00bb][et_pb_accordion open_toggle_text_color=\u00bb#000000&#8243; closed_toggle_background_color=\u00bbrgba(201,170,46,0.91)\u00bb icon_color=\u00bb#FFFFFF\u00bb _builder_version=\u00bb4.27.4&#8243; _module_preset=\u00bbdefault\u00bb toggle_text_color=\u00bb#FFFFFF\u00bb background_color=\u00bb#FFFFFF\u00bb custom_margin=\u00bb-26px|||||\u00bb hover_enabled=\u00bb0&#8243; global_colors_info=\u00bb{}\u00bb sticky_enabled=\u00bb0&#8243;][et_pb_accordion_item title=\u00bbJefa del Departamento de Investigaci\u00f3n en Educaci\u00f3n M\u00e9dica \u00bb _builder_version=\u00bb4.27.4&#8243; _module_preset=\u00bbdefault\u00bb global_colors_info=\u00bb{}\u00bb open=\u00bboff\u00bb]<\/p>\n<p>Dra. Tania Vives Varela<br \/><a href=\"mailto:vivesvarela@gmail.com\" target=\"_blank\" rel=\"noopener\">vivesvarela@gmail.com<\/a><\/p>\n<p>Tel\u00e9fono: 55-56-23-23-00 Ext. 45171<\/p>\n<p>[\/et_pb_accordion_item][et_pb_accordion_item title=\u00bbAn\u00e1lisis cuantitativo\u00bb _builder_version=\u00bb4.27.4&#8243; _module_preset=\u00bbdefault\u00bb global_colors_info=\u00bb{}\u00bb open=\u00bboff\u00bb]<\/p>\n<p>Dr. Fernando Flores Hern\u00e1ndez<br \/><a href=\"mailto:vivesvarela@gmail.com\" target=\"_blank\" rel=\"noopener\"><\/a><span style=\"color: #001685;\"><a href=\"mailto:fernando_flores@unam.mx\">fernando_flores@unam.mx<\/a><a href=\"mailto:fernando_flores@unam.mx\"><\/a><\/span><\/p>\n<p>Tel\u00e9fono: 55-56-23-23-00 Ext. 45176<\/p>\n<p>[\/et_pb_accordion_item][et_pb_accordion_item title=\u00bbGesti\u00f3n en investigaci\u00f3n\u00bb _builder_version=\u00bb4.27.4&#8243; _module_preset=\u00bbdefault\u00bb global_colors_info=\u00bb{}\u00bb open=\u00bboff\u00bb]<\/p>\n<p>Dr. Manuel Mill\u00e1n Hern\u00e1ndez<br \/><a href=\"mailto:drmanuelmillan@gmail.com\">drmanuelmillan@gmail.com<\/a><\/p>\n<p>Tel\u00e9fono: 55-56-23-23-00 Ext. 45172<\/p>\n<p>[\/et_pb_accordion_item][et_pb_accordion_item title=\u00bbInvestigaci\u00f3n\u00bb _builder_version=\u00bb4.27.4&#8243; _module_preset=\u00bbdefault\u00bb global_colors_info=\u00bb{}\u00bb open=\u00bboff\u00bb]<\/p>\n<p>Dr. Arsenio Vargas V\u00e1zquez<br \/><a href=\"mailto: avargas@facmed.unam.mx\"> avargas@facmed.unam.mx<\/a><\/p>\n<p>[\/et_pb_accordion_item][et_pb_accordion_item title=\u00bbServicio social\u00bb _builder_version=\u00bb4.27.4&#8243; _module_preset=\u00bbdefault\u00bb global_colors_info=\u00bb{}\u00bb open=\u00bboff\u00bb]<\/p>\n<p><span>MPSS Wendy Jocely\u00a0Ceja Cantoral<\/span><\/p>\n<p>[\/et_pb_accordion_item][et_pb_accordion_item title=\u00bbSeminario\u00bb open=\u00bbon\u00bb _builder_version=\u00bb4.27.4&#8243; _module_preset=\u00bbdefault\u00bb hover_enabled=\u00bb0&#8243; global_colors_info=\u00bb{}\u00bb sticky_enabled=\u00bb0&#8243;]<\/p>\n<p><a href=\"https:\/\/ru.fmposgrado.unam.mx\/SIECS\/\" target=\"_blank\" rel=\"noopener\">Seminario de Investigaci\u00f3n Educativa en Ciencias de la Salud<\/a><\/p>\n<p><a href=\"https:\/\/ru.fmposgrado.unam.mx\/SIECS\/\" target=\"_blank\" rel=\"noopener\">P\u00e1gina web<\/a><\/p>\n<p>[\/et_pb_accordion_item][\/et_pb_accordion][\/et_pb_column][et_pb_column type=\u00bb2_3&#8243; specialty_columns=\u00bb2&#8243; _builder_version=\u00bb4.16&#8243; custom_padding=\u00bb|||\u00bb global_colors_info=\u00bb{}\u00bb custom_padding__hover=\u00bb|||\u00bb][et_pb_row_inner _builder_version=\u00bb4.27.4&#8243; _module_preset=\u00bbdefault\u00bb background_color=\u00bbrgba(193,161,0,0.67)\u00bb animation_style=\u00bbfade\u00bb box_shadow_style=\u00bbpreset1&#8243; global_colors_info=\u00bb{}\u00bb][et_pb_column_inner saved_specialty_column_type=\u00bb2_3&#8243; _builder_version=\u00bb4.27.4&#8243; _module_preset=\u00bbdefault\u00bb global_colors_info=\u00bb{}\u00bb][et_pb_tabs _builder_version=\u00bb4.27.4&#8243; _module_preset=\u00bbdefault\u00bb global_colors_info=\u00bb{}\u00bb][et_pb_tab title=\u00bbAcerca de\u00bb _builder_version=\u00bb4.27.4&#8243; _module_preset=\u00bbdefault\u00bb global_colors_info=\u00bb{}\u00bb]<\/p>\n<div align=\"justify\">\n<p style=\"text-align: justify;\">Docencia e investigaci\u00f3n son dos pr\u00e1cticas que conforman un v\u00ednculo resistente en el proceso de la formaci\u00f3n de m\u00e9dicos. El Departamento de Investigaci\u00f3n en Educaci\u00f3n responde a la necesidad de plantear y desarrollar proyectos de alta calidad con dise\u00f1os rigurosos y creativos, con prop\u00f3sitos que tiendan a la obtenci\u00f3n de resultados significativos para la educaci\u00f3n m\u00e9dica.<\/p>\n<p style=\"text-align: justify;\">Se propone suscitar los trabajos de investigaci\u00f3n colaborativos intra e interinstitucionalmente, respaldando a los investigadores que trabajan de manera aislada para conjuntar esfuerzos. As\u00ed como, instaurar l\u00edneas prioritarias de investigaci\u00f3n que atiendan a las necesidades de la instituci\u00f3n.<\/p>\n<\/div>\n<p>[\/et_pb_tab][et_pb_tab title=\u00bbObjetivos\u00bb _builder_version=\u00bb4.27.4&#8243; _module_preset=\u00bbdefault\u00bb global_colors_info=\u00bb{}\u00bb]<\/p>\n<div align=\"justify\">\n<ul>\n<li>Establecer las l\u00edneas prioritarias de investigaci\u00f3n que atiendan a las necesidades de la instituci\u00f3n.<\/li>\n<li>Propiciar los trabajos de investigaci\u00f3n colaborativos intra e interinstitucionalmente, respaldando a los investigadores que trabajan de manera aislada para conjuntar esfuerzos.<\/li>\n<li>Conformar un grupo de asesores expertos en investigaci\u00f3n educativa que orienten el dise\u00f1o y ejecuci\u00f3n de proyectos.<\/li>\n<li>Difundir la importancia de la investigaci\u00f3n educativa, con proyectos realizados en las diferentes instancias de la Facultad e identificar los espacios de publicaci\u00f3n para estos proyectos.<\/li>\n<\/ul>\n<\/div>\n<p>[\/et_pb_tab][et_pb_tab title=\u00bbFunciones\u00bb _builder_version=\u00bb4.27.4&#8243; _module_preset=\u00bbdefault\u00bb global_colors_info=\u00bb{}\u00bb]<\/p>\n<div align=\"justify\">\n<ul>\n<li style=\"text-align: justify;\">Promover, coordinar y orientar el desarrollo de proyectos en investigaci\u00f3n educativa.<\/li>\n<li style=\"text-align: justify;\">Establecer las l\u00edneas prioritarias de investigaci\u00f3n que atiendan a las necesidades de la Facultad de Medicina (FM).<\/li>\n<li style=\"text-align: justify;\">Propiciar que los resultados de las investigaciones educativas de la FM realimenten el proceso educativo.<\/li>\n<li style=\"text-align: justify;\">Promover la difusi\u00f3n de los productos de las investigaciones realizadas en la FM.<\/li>\n<li style=\"text-align: justify;\">Colaborar en proyectos de investigaci\u00f3n con las distintas instancias de la FM.<\/li>\n<li style=\"text-align: justify;\">Asesorar a docentes y acad\u00e9micos en los procesos de investigaci\u00f3n educativa.<\/li>\n<\/ul>\n<\/div>\n<p>[\/et_pb_tab][et_pb_tab title=\u00bbMateriales\u00bb _builder_version=\u00bb4.27.4&#8243; _module_preset=\u00bbdefault\u00bb global_colors_info=\u00bb{}\u00bb]<\/p>\n<div align=\"justify\">\n<p>Materiales acad\u00e9micos<\/p>\n<ul>\n<li style=\"text-align: justify;\"><a href=\"https:\/\/sem.facmed.unam.mx\/docs\/Gu%C3%ADa_para_el_desarrollo_de_casos_adaptativos.pdf\" target=\"_blank\" rel=\"noopener\">Manual<\/a><\/li>\n<\/ul>\n<\/div>\n<p>[\/et_pb_tab][\/et_pb_tabs][\/et_pb_column_inner][\/et_pb_row_inner][\/et_pb_column][\/et_pb_section][et_pb_section fb_built=\u00bb1&#8243; fullwidth=\u00bbon\u00bb _builder_version=\u00bb4.27.4&#8243; _module_preset=\u00bbdefault\u00bb global_colors_info=\u00bb{}\u00bb][et_pb_fullwidth_menu menu_id=\u00bb15&#8243; menu_style=\u00bbcentered\u00bb fullwidth_menu=\u00bbon\u00bb active_link_color=\u00bb#5dd3bd\u00bb mobile_menu_bg_color=\u00bb#607d9e\u00bb _builder_version=\u00bb4.27.4&#8243; _module_preset=\u00bbdefault\u00bb menu_font_size=\u00bb19px\u00bb background_color=\u00bb#607d9e\u00bb background_layout=\u00bbdark\u00bb border_color_all_image=\u00bb#FFFFFF\u00bb global_colors_info=\u00bb{}\u00bb][\/et_pb_fullwidth_menu][\/et_pb_section][et_pb_section fb_built=\u00bb1&#8243; fullwidth=\u00bbon\u00bb _builder_version=\u00bb4.27.4&#8243; _module_preset=\u00bbdefault\u00bb global_colors_info=\u00bb{}\u00bb][et_pb_fullwidth_header _builder_version=\u00bb4.27.4&#8243; _module_preset=\u00bbdefault\u00bb background_color=\u00bb#353535&#8243; custom_padding=\u00bb22px||22px|||\u00bb global_colors_info=\u00bb{}\u00bb]<\/p>\n<p style=\"text-align: center;\">FACULTAD DE MEDICINA \u2022 CIRCUITO INTERIOR \u2022 CIUDAD UNIVERSITARIA \u2022 AV. UNIVERSIDAD 3000 \u2022 CP 04510<\/p>\n<p style=\"text-align: center;\">AVISO DE PRIVACIDAD<\/p>\n<p style=\"text-align: center;\"><a href=\"http:\/\/www.facmed.unam.mx\/eventos\/privacidad\/AVISOINTEGRAL.pdf\" target=\"_blank\" rel=\"noopener\">[INTEGRAL]<\/a>\u00a0|\u00a0<a href=\"http:\/\/www.facmed.unam.mx\/eventos\/privacidad\/AVISOSIMPLIFICADO.pdf\" target=\"_blank\" rel=\"noopener\">[SIMPLIFICADO]<\/a><\/p>\n<p>[\/et_pb_fullwidth_header][\/et_pb_section]<\/p>\n","protected":false},"excerpt":{"rendered":"<p>Dra. Tania Vives Varelavivesvarela@gmail.com Tel\u00e9fono: 55-56-23-23-00 Ext. 45171Dr. Fernando Flores Hern\u00e1ndezfernando_flores@unam.mx Tel\u00e9fono: 55-56-23-23-00 Ext. 45176Dr. Manuel Mill\u00e1n Hern\u00e1ndezdrmanuelmillan@gmail.com Tel\u00e9fono: 55-56-23-23-00 Ext. 45172Dr. Arsenio Vargas V\u00e1zquez avargas@facmed.unam.mxMPSS Wendy Jocely\u00a0Ceja CantoralSeminario de Investigaci\u00f3n Educativa en Ciencias de la Salud P\u00e1gina web Docencia e investigaci\u00f3n son dos pr\u00e1cticas que conforman un v\u00ednculo resistente en el proceso de la [&hellip;]<\/p>\n","protected":false},"author":1,"featured_media":0,"parent":0,"menu_order":0,"comment_status":"closed","ping_status":"closed","template":"","meta":{"_et_pb_use_builder":"on","_et_pb_old_content":"","_et_gb_content_width":"","footnotes":""},"class_list":["post-315","page","type-page","status-publish","hentry"],"_links":{"self":[{"href":"https:\/\/sem-fm.facmed.unam.mx\/index.php\/wp-json\/wp\/v2\/pages\/315","targetHints":{"allow":["GET"]}}],"collection":[{"href":"https:\/\/sem-fm.facmed.unam.mx\/index.php\/wp-json\/wp\/v2\/pages"}],"about":[{"href":"https:\/\/sem-fm.facmed.unam.mx\/index.php\/wp-json\/wp\/v2\/types\/page"}],"author":[{"embeddable":true,"href":"https:\/\/sem-fm.facmed.unam.mx\/index.php\/wp-json\/wp\/v2\/users\/1"}],"replies":[{"embeddable":true,"href":"https:\/\/sem-fm.facmed.unam.mx\/index.php\/wp-json\/wp\/v2\/comments?post=315"}],"version-history":[{"count":22,"href":"https:\/\/sem-fm.facmed.unam.mx\/index.php\/wp-json\/wp\/v2\/pages\/315\/revisions"}],"predecessor-version":[{"id":452,"href":"https:\/\/sem-fm.facmed.unam.mx\/index.php\/wp-json\/wp\/v2\/pages\/315\/revisions\/452"}],"wp:attachment":[{"href":"https:\/\/sem-fm.facmed.unam.mx\/index.php\/wp-json\/wp\/v2\/media?parent=315"}],"curies":[{"name":"wp","href":"https:\/\/api.w.org\/{rel}","templated":true}]}}