{"id":330,"date":"2025-12-06T01:01:03","date_gmt":"2025-12-06T00:01:03","guid":{"rendered":"https:\/\/sem-fm.facmed.unam.mx\/?page_id=330"},"modified":"2026-02-24T10:45:57","modified_gmt":"2026-02-24T16:45:57","slug":"dim","status":"publish","type":"page","link":"https:\/\/sem-fm.facmed.unam.mx\/index.php\/dim\/","title":{"rendered":"DIM"},"content":{"rendered":"<p>[et_pb_section fb_built=\u00bb1&#8243; theme_builder_area=\u00bbpost_content\u00bb _builder_version=\u00bb4.27.4&#8243; _module_preset=\u00bbdefault\u00bb custom_padding=\u00bb10px|||||\u00bb][et_pb_row _builder_version=\u00bb4.27.4&#8243; _module_preset=\u00bbdefault\u00bb theme_builder_area=\u00bbpost_content\u00bb custom_padding=\u00bb6px||2px|||\u00bb custom_margin=\u00bb-7px|auto|-11px|auto||\u00bb hover_enabled=\u00bb0&#8243; sticky_enabled=\u00bb0&#8243; width=\u00bb94%\u00bb max_width=\u00bb2116px\u00bb][et_pb_column _builder_version=\u00bb4.27.4&#8243; _module_preset=\u00bbdefault\u00bb type=\u00bb4_4&#8243; theme_builder_area=\u00bbpost_content\u00bb][et_pb_social_media_follow _builder_version=\u00bb4.27.4&#8243; _module_preset=\u00bbdefault\u00bb theme_builder_area=\u00bbpost_content\u00bb hover_enabled=\u00bb0&#8243; sticky_enabled=\u00bb0&#8243; text_orientation=\u00bbright\u00bb custom_margin=\u00bb1px|||||\u00bb][et_pb_social_media_follow_network social_network=\u00bbfacebook\u00bb background_color=\u00bb#3b5998&#8243; _builder_version=\u00bb4.27.4&#8243; _module_preset=\u00bbdefault\u00bb follow_button=\u00bboff\u00bb url_new_window=\u00bbon\u00bb theme_builder_area=\u00bbpost_content\u00bb url=\u00bbhttps:\/\/www.facebook.com\/SEMFMUNAM\/?locale=es_LA\u00bb hover_enabled=\u00bb0&#8243; sticky_enabled=\u00bb0&#8243;]facebook[\/et_pb_social_media_follow_network][et_pb_social_media_follow_network social_network=\u00bbtwitter\u00bb background_color=\u00bb#000000&#8243; _builder_version=\u00bb4.27.4&#8243; _module_preset=\u00bbdefault\u00bb follow_button=\u00bboff\u00bb url_new_window=\u00bbon\u00bb theme_builder_area=\u00bbpost_content\u00bb url=\u00bbhttps:\/\/x.com\/SEMFacMed\u00bb hover_enabled=\u00bb0&#8243; sticky_enabled=\u00bb0&#8243;]X[\/et_pb_social_media_follow_network][et_pb_social_media_follow_network social_network=\u00bbyoutube\u00bb background_color=\u00bb#a82400&#8243; _builder_version=\u00bb4.27.4&#8243; _module_preset=\u00bbdefault\u00bb theme_builder_area=\u00bbpost_content\u00bb follow_button=\u00bboff\u00bb url_new_window=\u00bbon\u00bb hover_enabled=\u00bb0&#8243; sticky_enabled=\u00bb0&#8243; url=\u00bbhttps:\/\/www.youtube.com\/@secretariadeeducacionmedic2758&#8243;]youtube[\/et_pb_social_media_follow_network][\/et_pb_social_media_follow][\/et_pb_column][\/et_pb_row][\/et_pb_section][et_pb_section fb_built=\u00bb1&#8243; fullwidth=\u00bbon\u00bb _builder_version=\u00bb4.27.4&#8243; _module_preset=\u00bbdefault\u00bb global_colors_info=\u00bb{}\u00bb custom_margin=\u00bb-11px|||||\u00bb][et_pb_fullwidth_header title=\u00bbDepartamento de Inform\u00e1tica M\u00e9dica\u00bb _builder_version=\u00bb4.27.4&#8243; _module_preset=\u00bbdefault\u00bb background_color=\u00bb#007FE0&#8243; min_height=\u00bb150px\u00bb custom_margin=\u00bb-37px|||||\u00bb global_colors_info=\u00bb{}\u00bb][\/et_pb_fullwidth_header][\/et_pb_section][et_pb_section fb_built=\u00bb1&#8243; specialty=\u00bbon\u00bb _builder_version=\u00bb4.27.4&#8243; _module_preset=\u00bbdefault\u00bb global_colors_info=\u00bb{}\u00bb custom_padding=\u00bb30px|||||\u00bb][et_pb_column type=\u00bb1_3&#8243; _builder_version=\u00bb4.16&#8243; custom_padding=\u00bb|||\u00bb global_colors_info=\u00bb{}\u00bb custom_padding__hover=\u00bb|||\u00bb][et_pb_accordion open_toggle_text_color=\u00bb#000000&#8243; open_toggle_background_color=\u00bb#FFFFFF\u00bb closed_toggle_background_color=\u00bbrgba(0,127,224,0.64)\u00bb icon_color=\u00bb#FFFFFF\u00bb _builder_version=\u00bb4.27.4&#8243; _module_preset=\u00bbdefault\u00bb toggle_text_color=\u00bb#FFFFFF\u00bb custom_margin=\u00bb-26px|||||\u00bb global_colors_info=\u00bb{}\u00bb][et_pb_accordion_item title=\u00bb Jefa del Departamento de Inform\u00e1tica M\u00e9dica  \u00bb open=\u00bbon\u00bb _builder_version=\u00bb4.27.4&#8243; _module_preset=\u00bbdefault\u00bb global_colors_info=\u00bb{}\u00bb]<\/p>\n<p>Dra. Argelia Rosales Vega<br \/><a href=\"mailto:arosales@facmed.unam.mx\">arosales@facmed.unam.mx<\/a><\/p>\n<p>Tel\u00e9fono: 55-56-23-24-35<br \/>55-56-23-23-00\u00a0 Ext. 43045<\/p>\n<p>[\/et_pb_accordion_item][et_pb_accordion_item title=\u00bbDesarrollo de sistemas\u00bb _builder_version=\u00bb4.27.4&#8243; _module_preset=\u00bbdefault\u00bb global_colors_info=\u00bb{}\u00bb open=\u00bboff\u00bb]<\/p>\n<p>Mtro. Alejandro Enriquez Andonaegui<br \/><a href=\"mailto:arosales@facmed.unam.mx\">arandonaegui@facmed.unam.mx<\/a><\/p>\n<p>Tel\u00e9fono: 55-56-23-23-00\u00a0 Ext. 43045<\/p>\n<p>[\/et_pb_accordion_item][et_pb_accordion_item title=\u00bbDise\u00f1o y comunicaci\u00f3n visual\u00bb _builder_version=\u00bb4.27.4&#8243; _module_preset=\u00bbdefault\u00bb global_colors_info=\u00bb{}\u00bb open=\u00bboff\u00bb]<\/p>\n<p>Lic. Lourdes Ixchel Reynoso P\u00e9rez<br \/><a href=\"mailto:reynoso.ixchel.fad@gmail.com%20\">reynoso.ixchel.fad@gmail.com<\/a> <\/p>\n<p>Tel\u00e9fono: 55-56-23-23-00\u00a0 Ext. 43045<\/p>\n<p>[\/et_pb_accordion_item][\/et_pb_accordion][\/et_pb_column][et_pb_column type=\u00bb2_3&#8243; specialty_columns=\u00bb2&#8243; _builder_version=\u00bb4.16&#8243; custom_padding=\u00bb|||\u00bb global_colors_info=\u00bb{}\u00bb custom_padding__hover=\u00bb|||\u00bb][et_pb_row_inner _builder_version=\u00bb4.27.4&#8243; _module_preset=\u00bbdefault\u00bb background_color=\u00bbrgba(0,127,224,0.67)\u00bb animation_style=\u00bbfade\u00bb box_shadow_style=\u00bbpreset1&#8243; global_colors_info=\u00bb{}\u00bb][et_pb_column_inner saved_specialty_column_type=\u00bb2_3&#8243; _builder_version=\u00bb4.27.4&#8243; _module_preset=\u00bbdefault\u00bb global_colors_info=\u00bb{}\u00bb][et_pb_tabs _builder_version=\u00bb4.27.4&#8243; _module_preset=\u00bbdefault\u00bb global_colors_info=\u00bb{}\u00bb][et_pb_tab title=\u00bbAcerca de\u00bb _builder_version=\u00bb4.27.4&#8243; _module_preset=\u00bbdefault\u00bb global_colors_info=\u00bb{}\u00bb]<\/p>\n<p style=\"text-align: justify;\">El profesional que se forma en la Facultad de Medicina debe mantenerse actualizado con respecto a los avances cient\u00edficos y tecnol\u00f3gicos m\u00e1s recientes, y utilizar la informaci\u00f3n y la tecnolog\u00eda computacional como una herramienta de trabajo para la adquisici\u00f3n de nuevos conocimientos.<\/p>\n<p>[\/et_pb_tab][et_pb_tab title=\u00bbFunciones\u00bb _builder_version=\u00bb4.27.4&#8243; _module_preset=\u00bbdefault\u00bb global_colors_info=\u00bb{}\u00bb]<\/p>\n<ul>\n<li style=\"text-align: justify;\">Dise\u00f1ar programas de c\u00f3mputo para la automatizaci\u00f3n de funciones administrativas de la SEM.<\/li>\n<li style=\"text-align: justify;\">Proporcionar el servicio computarizado para la programaci\u00f3n, organizaci\u00f3n y control de actividades acad\u00e9micas.<\/li>\n<li style=\"text-align: justify;\">Elaborar el informe anual de las actividades realizadas.<\/li>\n<li style=\"text-align: justify;\">Determinar los requerimientos de \u00fatiles, materiales y equipo necesario, controlando su correcta utilizaci\u00f3n.<\/li>\n<\/ul>\n<p>[\/et_pb_tab][\/et_pb_tabs][\/et_pb_column_inner][\/et_pb_row_inner][\/et_pb_column][\/et_pb_section][et_pb_section fb_built=\u00bb1&#8243; fullwidth=\u00bbon\u00bb _builder_version=\u00bb4.27.4&#8243; _module_preset=\u00bbdefault\u00bb global_colors_info=\u00bb{}\u00bb][et_pb_fullwidth_menu menu_id=\u00bb15&#8243; menu_style=\u00bbcentered\u00bb fullwidth_menu=\u00bbon\u00bb active_link_color=\u00bb#5dd3bd\u00bb mobile_menu_bg_color=\u00bb#607d9e\u00bb _builder_version=\u00bb4.27.4&#8243; _module_preset=\u00bbdefault\u00bb menu_font_size=\u00bb19px\u00bb background_color=\u00bb#607d9e\u00bb background_layout=\u00bbdark\u00bb hover_enabled=\u00bb0&#8243; border_color_all_image=\u00bb#FFFFFF\u00bb global_colors_info=\u00bb{}\u00bb sticky_enabled=\u00bb0&#8243; dropdown_menu_bg_color=\u00bb#607d9e\u00bb][\/et_pb_fullwidth_menu][\/et_pb_section][et_pb_section fb_built=\u00bb1&#8243; fullwidth=\u00bbon\u00bb _builder_version=\u00bb4.27.4&#8243; _module_preset=\u00bbdefault\u00bb global_colors_info=\u00bb{}\u00bb][et_pb_fullwidth_header _builder_version=\u00bb4.27.4&#8243; _module_preset=\u00bbdefault\u00bb background_color=\u00bb#353535&#8243; custom_padding=\u00bb22px||22px|||\u00bb global_colors_info=\u00bb{}\u00bb]<\/p>\n<p style=\"text-align: center;\">FACULTAD DE MEDICINA \u2022 CIRCUITO INTERIOR \u2022 CIUDAD UNIVERSITARIA \u2022 AV. UNIVERSIDAD 3000 \u2022 CP 04510<\/p>\n<p style=\"text-align: center;\">AVISO DE PRIVACIDAD<\/p>\n<p style=\"text-align: center;\"><a href=\"http:\/\/www.facmed.unam.mx\/eventos\/privacidad\/AVISOINTEGRAL.pdf\" target=\"_blank\" rel=\"noopener\">[INTEGRAL]<\/a>\u00a0|\u00a0<a href=\"http:\/\/www.facmed.unam.mx\/eventos\/privacidad\/AVISOSIMPLIFICADO.pdf\" target=\"_blank\" rel=\"noopener\">[SIMPLIFICADO]<\/a><\/p>\n<p>[\/et_pb_fullwidth_header][\/et_pb_section]<\/p>\n","protected":false},"excerpt":{"rendered":"<p>Dra. Argelia Rosales Vegaarosales@facmed.unam.mx Tel\u00e9fono: 55-56-23-24-3555-56-23-23-00\u00a0 Ext. 43045Mtro. Alejandro Enriquez Andonaeguiarandonaegui@facmed.unam.mx Tel\u00e9fono: 55-56-23-23-00\u00a0 Ext. 43045Lic. Lourdes Ixchel Reynoso P\u00e9rezreynoso.ixchel.fad@gmail.com Tel\u00e9fono: 55-56-23-23-00\u00a0 Ext. 43045El profesional que se forma en la Facultad de Medicina debe mantenerse actualizado con respecto a los avances cient\u00edficos y tecnol\u00f3gicos m\u00e1s recientes, y utilizar la informaci\u00f3n y la tecnolog\u00eda computacional como una [&hellip;]<\/p>\n","protected":false},"author":1,"featured_media":0,"parent":0,"menu_order":0,"comment_status":"closed","ping_status":"closed","template":"","meta":{"_et_pb_use_builder":"on","_et_pb_old_content":"","_et_gb_content_width":"","footnotes":""},"class_list":["post-330","page","type-page","status-publish","hentry"],"_links":{"self":[{"href":"https:\/\/sem-fm.facmed.unam.mx\/index.php\/wp-json\/wp\/v2\/pages\/330","targetHints":{"allow":["GET"]}}],"collection":[{"href":"https:\/\/sem-fm.facmed.unam.mx\/index.php\/wp-json\/wp\/v2\/pages"}],"about":[{"href":"https:\/\/sem-fm.facmed.unam.mx\/index.php\/wp-json\/wp\/v2\/types\/page"}],"author":[{"embeddable":true,"href":"https:\/\/sem-fm.facmed.unam.mx\/index.php\/wp-json\/wp\/v2\/users\/1"}],"replies":[{"embeddable":true,"href":"https:\/\/sem-fm.facmed.unam.mx\/index.php\/wp-json\/wp\/v2\/comments?post=330"}],"version-history":[{"count":7,"href":"https:\/\/sem-fm.facmed.unam.mx\/index.php\/wp-json\/wp\/v2\/pages\/330\/revisions"}],"predecessor-version":[{"id":425,"href":"https:\/\/sem-fm.facmed.unam.mx\/index.php\/wp-json\/wp\/v2\/pages\/330\/revisions\/425"}],"wp:attachment":[{"href":"https:\/\/sem-fm.facmed.unam.mx\/index.php\/wp-json\/wp\/v2\/media?parent=330"}],"curies":[{"name":"wp","href":"https:\/\/api.w.org\/{rel}","templated":true}]}}