{"id":55,"date":"2025-11-06T06:39:53","date_gmt":"2025-11-06T05:39:53","guid":{"rendered":"https:\/\/sem-fm.facmed.unam.mx\/?page_id=55"},"modified":"2026-02-24T11:34:04","modified_gmt":"2026-02-24T17:34:04","slug":"inicio","status":"publish","type":"page","link":"https:\/\/sem-fm.facmed.unam.mx\/","title":{"rendered":"Inicio"},"content":{"rendered":"<p>[et_pb_section fb_built=\u00bb1&#8243; _builder_version=\u00bb4.27.4&#8243; _module_preset=\u00bbdefault\u00bb custom_padding=\u00bb8px||5px|||\u00bb global_colors_info=\u00bb{}\u00bb][et_pb_row _builder_version=\u00bb4.27.4&#8243; _module_preset=\u00bbdefault\u00bb width=\u00bb99%\u00bb max_width=\u00bb1789px\u00bb custom_margin=\u00bb-6px|auto||auto||\u00bb custom_padding=\u00bb4px||6px|||\u00bb global_colors_info=\u00bb{}\u00bb][et_pb_column type=\u00bb4_4&#8243; _builder_version=\u00bb4.27.4&#8243; _module_preset=\u00bbdefault\u00bb global_colors_info=\u00bb{}\u00bb][et_pb_social_media_follow _builder_version=\u00bb4.27.4&#8243; _module_preset=\u00bbdefault\u00bb text_orientation=\u00bbright\u00bb custom_margin=\u00bb3px||-5px|||\u00bb global_colors_info=\u00bb{}\u00bb][et_pb_social_media_follow_network social_network=\u00bbfacebook\u00bb url=\u00bbhttps:\/\/www.facebook.com\/SEMFMUNAM\/?locale=es_LA\u00bb _builder_version=\u00bb4.27.4&#8243; _module_preset=\u00bbdefault\u00bb background_color=\u00bb#3b5998&#8243; global_colors_info=\u00bb{}\u00bb follow_button=\u00bboff\u00bb url_new_window=\u00bbon\u00bb]facebook[\/et_pb_social_media_follow_network][et_pb_social_media_follow_network social_network=\u00bbtwitter\u00bb url=\u00bbhttps:\/\/x.com\/SEMFacMed\u00bb _builder_version=\u00bb4.27.4&#8243; _module_preset=\u00bbdefault\u00bb background_color=\u00bb#000000&#8243; global_colors_info=\u00bb{}\u00bb follow_button=\u00bboff\u00bb url_new_window=\u00bbon\u00bb]X[\/et_pb_social_media_follow_network][et_pb_social_media_follow_network social_network=\u00bbyoutube\u00bb url=\u00bbhttps:\/\/www.youtube.com\/@secretariadeeducacionmedic2758&#8243; _builder_version=\u00bb4.27.4&#8243; _module_preset=\u00bbdefault\u00bb background_color=\u00bb#a82400&#8243; global_colors_info=\u00bb{}\u00bb follow_button=\u00bboff\u00bb url_new_window=\u00bbon\u00bb]youtube[\/et_pb_social_media_follow_network][\/et_pb_social_media_follow][\/et_pb_column][\/et_pb_row][\/et_pb_section][et_pb_section fb_built=\u00bb1&#8243; fullwidth=\u00bbon\u00bb _builder_version=\u00bb4.27.4&#8243; _module_preset=\u00bbdefault\u00bb min_height=\u00bb144px\u00bb global_colors_info=\u00bb{}\u00bb][et_pb_fullwidth_slider _builder_version=\u00bb4.27.4&#8243; _module_preset=\u00bbdefault\u00bb content_width=\u00bb100%\u00bb content_max_width=\u00bb540px\u00bb min_height=\u00bb540px\u00bb height=\u00bb540px\u00bb max_height=\u00bb540px\u00bb custom_padding=\u00bb1px||2px|||\u00bb auto=\u00bbon\u00bb hover_enabled=\u00bb0&#8243; global_colors_info=\u00bb{}\u00bb sticky_enabled=\u00bb0&#8243;][et_pb_slide button_link=\u00bbhttps:\/\/sem.facmed.unam.mx\/SIRIUDA\/\u00bb url_new_window=\u00bbon\u00bb admin_title=\u00bbTID\u00bb _builder_version=\u00bb4.27.4&#8243; _module_preset=\u00bbdefault\u00bb background_color=\u00bb#680057&#8243; background_enable_color=\u00bbon\u00bb background_image=\u00bbhttps:\/\/sem-fm.facmed.unam.mx\/wp-content\/uploads\/2026\/01\/TID-2026.jpg\u00bb background_enable_image=\u00bbon\u00bb background_size=\u00bbcontain\u00bb link_option_url=\u00bbhttps:\/\/sem.facmed.unam.mx\/SIRIUDA\/\u00bb link_option_url_new_window=\u00bbon\u00bb global_colors_info=\u00bb{}\u00bb sticky_transition=\u00bbon\u00bb][\/et_pb_slide][et_pb_slide button_link=\u00bbhttps:\/\/sem.facmed.unam.mx\/SIRIUDA\/\u00bb url_new_window=\u00bbon\u00bb admin_title=\u00bbFormaci\u00f3n\u00bb _builder_version=\u00bb4.27.4&#8243; _module_preset=\u00bbdefault\u00bb background_color=\u00bb#5d8599&#8243; background_enable_color=\u00bbon\u00bb background_image=\u00bbhttps:\/\/sem-fm.facmed.unam.mx\/wp-content\/uploads\/2026\/01\/FAD-2026.jpg\u00bb background_enable_image=\u00bbon\u00bb background_size=\u00bbcontain\u00bb link_option_url=\u00bbhttps:\/\/sem.facmed.unam.mx\/SIRIUDA\/\u00bb link_option_url_new_window=\u00bbon\u00bb global_colors_info=\u00bb{}\u00bb sticky_transition=\u00bbon\u00bb][\/et_pb_slide][\/et_pb_fullwidth_slider][\/et_pb_section][et_pb_section fb_built=\u00bb1&#8243; fullwidth=\u00bbon\u00bb _builder_version=\u00bb4.27.4&#8243; _module_preset=\u00bbdefault\u00bb global_colors_info=\u00bb{}\u00bb][et_pb_fullwidth_header title=\u00bbDepartamentos\u00bb text_orientation=\u00bbcenter\u00bb _builder_version=\u00bb4.27.4&#8243; _module_preset=\u00bbdefault\u00bb title_font=\u00bbRoboto||||||||\u00bb title_text_color=\u00bb#053967&#8243; title_font_size=\u00bb47px\u00bb background_color=\u00bbRGBA(255,255,255,0)\u00bb background_layout=\u00bblight\u00bb min_height=\u00bb151px\u00bb custom_margin=\u00bb34px|||||\u00bb custom_padding=\u00bb7px||0px|||\u00bb title_text_shadow_style=\u00bbpreset2&#8243; text_shadow_style=\u00bbpreset2&#8243; text_shadow_color=\u00bb#053967&#8243; global_colors_info=\u00bb{}\u00bb][\/et_pb_fullwidth_header][\/et_pb_section][et_pb_section fb_built=\u00bb1&#8243; _builder_version=\u00bb4.16&#8243; custom_padding=\u00bb13px||34px|||\u00bb global_colors_info=\u00bb{}\u00bb][et_pb_row column_structure=\u00bb1_4,1_4,1_4,1_4&#8243; _builder_version=\u00bb4.27.4&#8243; _module_preset=\u00bbdefault\u00bb min_height=\u00bb276.4px\u00bb custom_margin=\u00bb1px|auto||auto||\u00bb custom_padding=\u00bb11px|||||\u00bb global_colors_info=\u00bb{}\u00bb][et_pb_column type=\u00bb1_4&#8243; _builder_version=\u00bb4.27.4&#8243; _module_preset=\u00bbdefault\u00bb global_colors_info=\u00bb{}\u00bb][et_pb_image src=\u00bbhttps:\/\/sem-fm.facmed.unam.mx\/wp-content\/uploads\/2025\/11\/DEE-1.png\u00bb title_text=\u00bbDEE-1&#8243; url=\u00bbhttps:\/\/sem-fm.facmed.unam.mx\/index.php\/dee-3\/?et_fb=1&#038;PageSpeed=off\u00bb align=\u00bbcenter\u00bb _builder_version=\u00bb4.27.4&#8243; _module_preset=\u00bbdefault\u00bb animation_style=\u00bbfade\u00bb box_shadow_style=\u00bbpreset2&#8243; global_colors_info=\u00bb{}\u00bb][\/et_pb_image][\/et_pb_column][et_pb_column type=\u00bb1_4&#8243; _builder_version=\u00bb4.27.4&#8243; _module_preset=\u00bbdefault\u00bb global_colors_info=\u00bb{}\u00bb][et_pb_image src=\u00bbhttps:\/\/sem-fm.facmed.unam.mx\/wp-content\/uploads\/2025\/11\/DIEM-1.png\u00bb title_text=\u00bbDIEM-1&#8243; url=\u00bbhttps:\/\/sem-fm.facmed.unam.mx\/index.php\/diem-2\/\u00bb _builder_version=\u00bb4.27.4&#8243; _module_preset=\u00bbdefault\u00bb animation_style=\u00bbfade\u00bb box_shadow_style=\u00bbpreset2&#8243; global_colors_info=\u00bb{}\u00bb][\/et_pb_image][\/et_pb_column][et_pb_column type=\u00bb1_4&#8243; _builder_version=\u00bb4.27.4&#8243; _module_preset=\u00bbdefault\u00bb global_colors_info=\u00bb{}\u00bb][et_pb_image src=\u00bbhttps:\/\/sem-fm.facmed.unam.mx\/wp-content\/uploads\/2025\/11\/UDA-1.png\u00bb title_text=\u00bbUDA-1&#8243; url=\u00bbhttps:\/\/sem-fm.facmed.unam.mx\/index.php\/uda-2\/?et_fb=1&#038;PageSpeed=off\u00bb _builder_version=\u00bb4.27.4&#8243; _module_preset=\u00bbdefault\u00bb animation_style=\u00bbfade\u00bb box_shadow_style=\u00bbpreset2&#8243; global_colors_info=\u00bb{}\u00bb][\/et_pb_image][\/et_pb_column][et_pb_column type=\u00bb1_4&#8243; _builder_version=\u00bb4.27.4&#8243; _module_preset=\u00bbdefault\u00bb global_colors_info=\u00bb{}\u00bb][et_pb_image src=\u00bbhttps:\/\/sem-fm.facmed.unam.mx\/wp-content\/uploads\/2025\/11\/IM-1.png\u00bb title_text=\u00bbIM-1&#8243; url=\u00bbhttps:\/\/sem-fm.facmed.unam.mx\/index.php\/dim\/\u00bb _builder_version=\u00bb4.27.4&#8243; _module_preset=\u00bbdefault\u00bb animation_style=\u00bbfade\u00bb box_shadow_style=\u00bbpreset2&#8243; global_colors_info=\u00bb{}\u00bb][\/et_pb_image][\/et_pb_column][\/et_pb_row][\/et_pb_section][et_pb_section fb_built=\u00bb1&#8243; fullwidth=\u00bbon\u00bb _builder_version=\u00bb4.27.4&#8243; _module_preset=\u00bbdefault\u00bb global_colors_info=\u00bb{}\u00bb][\/et_pb_section][et_pb_section fb_built=\u00bb1&#8243; _builder_version=\u00bb4.27.4&#8243; _module_preset=\u00bbdefault\u00bb background_color=\u00bb#333333&#8243; custom_padding=\u00bb||19px|||\u00bb global_colors_info=\u00bb{}\u00bb][et_pb_row column_structure=\u00bb1_2,1_2&#8243; _builder_version=\u00bb4.27.4&#8243; _module_preset=\u00bbdefault\u00bb custom_margin=\u00bb|auto|-10px|auto||\u00bb custom_padding=\u00bb||11px|||\u00bb global_colors_info=\u00bb{}\u00bb][et_pb_column type=\u00bb1_2&#8243; _builder_version=\u00bb4.27.4&#8243; _module_preset=\u00bbdefault\u00bb global_colors_info=\u00bb{}\u00bb][et_pb_heading title=\u00bbContacto\u00bb _builder_version=\u00bb4.27.4&#8243; _module_preset=\u00bbdefault\u00bb title_font=\u00bbRoboto||||||||\u00bb title_text_color=\u00bb#FFFFFF\u00bb title_font_size=\u00bb17px\u00bb background_color=\u00bb#333333&#8243; custom_margin=\u00bb||8px|43px||\u00bb custom_padding=\u00bb|||120px||\u00bb global_colors_info=\u00bb{}\u00bb][\/et_pb_heading][et_pb_text _builder_version=\u00bb4.27.4&#8243; _module_preset=\u00bbdefault\u00bb text_font=\u00bbRoboto||||||||\u00bb text_text_color=\u00bb#FFFFFF\u00bb text_font_size=\u00bb12px\u00bb text_orientation=\u00bbjustified\u00bb custom_padding=\u00bb|0px||160px||\u00bb global_colors_info=\u00bb{}\u00bb]<\/p>\n<p>Facultad de Medicina, edificio B, tercer piso.<\/p>\n<p>Secretar\u00eda de Educaci\u00f3n M\u00e9dica.<\/p>\n<p>Tel\u00e9fono: 55-56-23-24-49 y 55-56-23-24-48<\/p>\n<p>[\/et_pb_text][\/et_pb_column][et_pb_column type=\u00bb1_2&#8243; _builder_version=\u00bb4.27.4&#8243; _module_preset=\u00bbdefault\u00bb global_colors_info=\u00bb{}\u00bb][et_pb_heading title=\u00bbDirectorio\u00bb url=\u00bbhttps:\/\/sem-fm.facmed.unam.mx\/index.php\/directorio\/\u00bb _builder_version=\u00bb4.27.4&#8243; _module_preset=\u00bbdefault\u00bb title_font=\u00bbRoboto||||||||\u00bb title_text_color=\u00bb#FFFFFF\u00bb title_font_size=\u00bb17px\u00bb background_color=\u00bb#333333&#8243; custom_margin=\u00bb||8px|||\u00bb global_colors_info=\u00bb{}\u00bb][\/et_pb_heading][et_pb_text _builder_version=\u00bb4.27.4&#8243; _module_preset=\u00bbdefault\u00bb text_font=\u00bbRoboto||||||||\u00bb text_text_color=\u00bb#FFFFFF\u00bb text_font_size=\u00bb12px\u00bb text_orientation=\u00bbjustified\u00bb custom_margin=\u00bb||11px|||\u00bb custom_padding=\u00bb||0px|||\u00bb link_option_url=\u00bbhttps:\/\/sem-fm.facmed.unam.mx\/index.php\/directorio\/\u00bb global_colors_info=\u00bb{}\u00bb]<\/p>\n<ul>\n<li>Secretario de Educaci\u00f3n M\u00e9dica<\/li>\n<li>Departamento de Evaluaci\u00f3n Educativa<\/li>\n<li>Departamento de Investigaci\u00f3n en Educaci\u00f3n M\u00e9dica<\/li>\n<li>Departamento de Inform\u00e1tica M\u00e9dica<\/li>\n<li>Unidad de Desarrollo Acad\u00e9mico<\/li>\n<\/ul>\n<p>[\/et_pb_text][et_pb_social_media_follow _builder_version=\u00bb4.27.4&#8243; _module_preset=\u00bbdefault\u00bb custom_margin=\u00bb||7px|||\u00bb global_colors_info=\u00bb{}\u00bb][et_pb_social_media_follow_network social_network=\u00bbfacebook\u00bb url=\u00bbhttps:\/\/www.facebook.com\/FacultadMedicinaUNAM\/\u00bb _builder_version=\u00bb4.27.4&#8243; _module_preset=\u00bbdefault\u00bb background_color=\u00bb#3b5998&#8243; global_colors_info=\u00bb{}\u00bb follow_button=\u00bboff\u00bb url_new_window=\u00bbon\u00bb]facebook[\/et_pb_social_media_follow_network][et_pb_social_media_follow_network social_network=\u00bbtwitter\u00bb url=\u00bbhttps:\/\/x.com\/FacMedicinaUNAM\u00bb _builder_version=\u00bb4.27.4&#8243; _module_preset=\u00bbdefault\u00bb background_color=\u00bb#000000&#8243; global_colors_info=\u00bb{}\u00bb follow_button=\u00bboff\u00bb url_new_window=\u00bbon\u00bb]X[\/et_pb_social_media_follow_network][et_pb_social_media_follow_network social_network=\u00bbyoutube\u00bb url=\u00bbhttps:\/\/www.youtube.com\/watch?v=iOUQvlFIXGs\u00bb _builder_version=\u00bb4.27.4&#8243; _module_preset=\u00bbdefault\u00bb background_color=\u00bb#a82400&#8243; global_colors_info=\u00bb{}\u00bb follow_button=\u00bboff\u00bb url_new_window=\u00bbon\u00bb]youtube[\/et_pb_social_media_follow_network][et_pb_social_media_follow_network social_network=\u00bbinstagram\u00bb url=\u00bbhttps:\/\/www.instagram.com\/fac.medicinaunam\/?utm_source=ig_embed\u00bb _builder_version=\u00bb4.27.4&#8243; _module_preset=\u00bbdefault\u00bb background_color=\u00bb#ea2c59&#8243; global_colors_info=\u00bb{}\u00bb follow_button=\u00bboff\u00bb url_new_window=\u00bbon\u00bb]instagram[\/et_pb_social_media_follow_network][et_pb_social_media_follow_network social_network=\u00bbtiktok\u00bb url=\u00bbhttps:\/\/www.tiktok.com\/@fac.medicinaunam?_t=ZM-8uC8hhUMrVW&#038;_r=1&#8243; _builder_version=\u00bb4.27.4&#8243; _module_preset=\u00bbdefault\u00bb background_color=\u00bb#fe2c55&#8243; global_colors_info=\u00bb{}\u00bb follow_button=\u00bboff\u00bb url_new_window=\u00bbon\u00bb]tiktok[\/et_pb_social_media_follow_network][et_pb_social_media_follow_network social_network=\u00bbspotify\u00bb url=\u00bbhttps:\/\/open.spotify.com\/show\/6ppOii4OLuVA8AtqKy8chx?si=JoAXvUbvT0Csgld5u9kCOg&#038;nd=1&#038;dlsi=189c1b34a50f4c8b\u00bb _builder_version=\u00bb4.27.4&#8243; _module_preset=\u00bbdefault\u00bb background_color=\u00bb#1db954&#8243; global_colors_info=\u00bb{}\u00bb follow_button=\u00bboff\u00bb url_new_window=\u00bbon\u00bb]spotify[\/et_pb_social_media_follow_network][\/et_pb_social_media_follow][et_pb_image src=\u00bbhttps:\/\/sem-fm.facmed.unam.mx\/wp-content\/uploads\/2026\/02\/gaceta.jpeg\u00bb title_text=\u00bbgaceta\u00bb url_new_window=\u00bbon\u00bb _builder_version=\u00bb4.27.4&#8243; _module_preset=\u00bbdefault\u00bb width=\u00bb32%\u00bb max_width=\u00bb31%\u00bb min_height=\u00bb100px\u00bb height=\u00bb100px\u00bb max_height=\u00bb100px\u00bb global_colors_info=\u00bb{}\u00bb][\/et_pb_image][\/et_pb_column][\/et_pb_row][\/et_pb_section][et_pb_section fb_built=\u00bb1&#8243; fullwidth=\u00bbon\u00bb _builder_version=\u00bb4.27.4&#8243; _module_preset=\u00bbdefault\u00bb background_color=\u00bb#333333&#8243; custom_padding=\u00bb||0px|||\u00bb global_colors_info=\u00bb{}\u00bb][et_pb_fullwidth_header _builder_version=\u00bb4.27.4&#8243; _module_preset=\u00bbdefault\u00bb background_color=\u00bb#333333&#8243; custom_margin=\u00bb||12px|||\u00bb custom_padding=\u00bb13px||7px|||\u00bb global_colors_info=\u00bb{}\u00bb]<\/p>\n<h6 style=\"text-align: center;\">FACULTAD DE MEDICINA \u2022 CIRCUITO INTERIOR \u2022 CIUDAD UNIVERSITARIA \u2022 AV. UNIVERSIDAD 3000 \u2022 CP 04510<\/h6>\n<h6 style=\"text-align: center;\"><span>AVISO DE PRIVACIDAD<\/span><\/h6>\n<h6 style=\"text-align: center;\"><a href=\"http:\/\/www.facmed.unam.mx\/eventos\/privacidad\/AVISOINTEGRAL.pdf\" target=\"_blank\" rel=\"noopener\">[INTEGRAL]<\/a><span>\u00a0<\/span>|<span>\u00a0<\/span><a href=\"http:\/\/www.facmed.unam.mx\/eventos\/privacidad\/AVISOSIMPLIFICADO.pdf\" target=\"_blank\" rel=\"noopener\">[SIMPLIFICADO]<\/a><\/h6>\n<p>[\/et_pb_fullwidth_header][et_pb_fullwidth_image src=\u00bbhttps:\/\/sem-fm.facmed.unam.mx\/wp-content\/uploads\/2026\/02\/juntosescudos2.jpg\u00bb title_text=\u00bbjuntosescudos2&#8243; _builder_version=\u00bb4.27.4&#8243; _module_preset=\u00bbdefault\u00bb width=\u00bb18%\u00bb max_width=\u00bb18%\u00bb module_alignment=\u00bbcenter\u00bb min_height=\u00bb84px\u00bb height=\u00bb100px\u00bb max_height=\u00bb100px\u00bb custom_padding=\u00bb||31px|||\u00bb global_colors_info=\u00bb{}\u00bb][\/et_pb_fullwidth_image][\/et_pb_section]<\/p>\n","protected":false},"excerpt":{"rendered":"<p>Facultad de Medicina, edificio B, tercer piso. Secretar\u00eda de Educaci\u00f3n M\u00e9dica. Tel\u00e9fono: 55-56-23-24-49 y 55-56-23-24-48 Secretario de Educaci\u00f3n M\u00e9dica Departamento de Evaluaci\u00f3n Educativa Departamento de Investigaci\u00f3n en Educaci\u00f3n M\u00e9dica Departamento de Inform\u00e1tica M\u00e9dica Unidad de Desarrollo Acad\u00e9mico FACULTAD DE MEDICINA \u2022 CIRCUITO INTERIOR \u2022 CIUDAD UNIVERSITARIA \u2022 AV. UNIVERSIDAD 3000 \u2022 CP 04510 AVISO DE [&hellip;]<\/p>\n","protected":false},"author":1,"featured_media":0,"parent":0,"menu_order":0,"comment_status":"closed","ping_status":"closed","template":"","meta":{"_et_pb_use_builder":"on","_et_pb_old_content":"","_et_gb_content_width":"","footnotes":""},"class_list":["post-55","page","type-page","status-publish","hentry"],"_links":{"self":[{"href":"https:\/\/sem-fm.facmed.unam.mx\/index.php\/wp-json\/wp\/v2\/pages\/55","targetHints":{"allow":["GET"]}}],"collection":[{"href":"https:\/\/sem-fm.facmed.unam.mx\/index.php\/wp-json\/wp\/v2\/pages"}],"about":[{"href":"https:\/\/sem-fm.facmed.unam.mx\/index.php\/wp-json\/wp\/v2\/types\/page"}],"author":[{"embeddable":true,"href":"https:\/\/sem-fm.facmed.unam.mx\/index.php\/wp-json\/wp\/v2\/users\/1"}],"replies":[{"embeddable":true,"href":"https:\/\/sem-fm.facmed.unam.mx\/index.php\/wp-json\/wp\/v2\/comments?post=55"}],"version-history":[{"count":50,"href":"https:\/\/sem-fm.facmed.unam.mx\/index.php\/wp-json\/wp\/v2\/pages\/55\/revisions"}],"predecessor-version":[{"id":430,"href":"https:\/\/sem-fm.facmed.unam.mx\/index.php\/wp-json\/wp\/v2\/pages\/55\/revisions\/430"}],"wp:attachment":[{"href":"https:\/\/sem-fm.facmed.unam.mx\/index.php\/wp-json\/wp\/v2\/media?parent=55"}],"curies":[{"name":"wp","href":"https:\/\/api.w.org\/{rel}","templated":true}]}}